{"id":756,"date":"2021-07-10T19:56:54","date_gmt":"2021-07-10T19:56:54","guid":{"rendered":"http:\/\/vinmax-immigration.com\/?page_id=756"},"modified":"2024-08-05T12:17:46","modified_gmt":"2024-08-05T12:17:46","slug":"select-language","status":"publish","type":"page","link":"https:\/\/vinmax-immigration.com\/vi\/","title":{"rendered":"Vinmax Immigration"},"content":{"rendered":"<section class=\"section\" id=\"section_137432862\">\n\t\t<div class=\"bg section-bg fill bg-fill  bg-loaded\" >\n\n\t\t\t\n\t\t\t\n\t\t\t\n\n\t\t<\/div>\n\n\t\t<div class=\"section-content relative\">\n\t\t\t\n\n\n  <div class=\"banner has-hover is-full-height\" id=\"banner-789422830\">\n          <div class=\"banner-inner fill\">\n        <div class=\"banner-bg fill\" >\n            <div class=\"bg fill bg-fill\"><\/div>\n                                    \n                    <\/div>\n        <div class=\"banner-layers container\">\n            <div class=\"fill banner-link\"><\/div>            \n\n\t<div class=\"img has-hover hide-for-medium x50 md-x50 lg-x50 y50 md-y50 lg-y50\" id=\"image_422615476\">\n\t\t\t\t\t\t\t\t<div class=\"img-inner image-cover box-shadow-3 dark\" style=\"padding-top:378px;\">\n\t\t\t<img loading=\"lazy\" decoding=\"async\" width=\"1020\" height=\"398\" src=\"https:\/\/vinmax-immigration.com\/wp-content\/uploads\/2021\/07\/canadian-immigration-banner-1400x546.jpg\" class=\"attachment-large size-large\" alt=\"\" srcset=\"https:\/\/vinmax-immigration.com\/wp-content\/uploads\/2021\/07\/canadian-immigration-banner-1400x546.jpg 1400w, https:\/\/vinmax-immigration.com\/wp-content\/uploads\/2021\/07\/canadian-immigration-banner-800x312.jpg 800w, https:\/\/vinmax-immigration.com\/wp-content\/uploads\/2021\/07\/canadian-immigration-banner-768x300.jpg 768w, https:\/\/vinmax-immigration.com\/wp-content\/uploads\/2021\/07\/canadian-immigration-banner-1536x599.jpg 1536w, https:\/\/vinmax-immigration.com\/wp-content\/uploads\/2021\/07\/canadian-immigration-banner-16x6.jpg 16w, https:\/\/vinmax-immigration.com\/wp-content\/uploads\/2021\/07\/canadian-immigration-banner.jpg 1900w\" sizes=\"(max-width: 1020px) 100vw, 1020px\" \/>\t\t\t\t\t\t\t<div class=\"overlay\" style=\"background-color: rgba(255, 255, 255, 0.936)\"><\/div>\n\t\t\t\t\t\t\n\t\t\t\t\t<\/div>\n\t\t\t\t\t\t\t\t\n<style>\n#image_422615476 {\n  width: 75%;\n}\n@media (min-width:550px) {\n  #image_422615476 {\n    width: 61%;\n  }\n}\n<\/style>\n\t<\/div>\n\t\n\n\t<div class=\"img has-hover show-for-medium hide-for-small x50 md-x50 lg-x50 y50 md-y50 lg-y50\" id=\"image_945897164\">\n\t\t\t\t\t\t\t\t<div class=\"img-inner image-cover box-shadow-3 dark\" style=\"padding-top:343px;\">\n\t\t\t<img loading=\"lazy\" decoding=\"async\" width=\"1020\" height=\"398\" src=\"https:\/\/vinmax-immigration.com\/wp-content\/uploads\/2021\/07\/canadian-immigration-banner-1400x546.jpg\" class=\"attachment-large size-large\" alt=\"\" srcset=\"https:\/\/vinmax-immigration.com\/wp-content\/uploads\/2021\/07\/canadian-immigration-banner-1400x546.jpg 1400w, https:\/\/vinmax-immigration.com\/wp-content\/uploads\/2021\/07\/canadian-immigration-banner-800x312.jpg 800w, https:\/\/vinmax-immigration.com\/wp-content\/uploads\/2021\/07\/canadian-immigration-banner-768x300.jpg 768w, https:\/\/vinmax-immigration.com\/wp-content\/uploads\/2021\/07\/canadian-immigration-banner-1536x599.jpg 1536w, https:\/\/vinmax-immigration.com\/wp-content\/uploads\/2021\/07\/canadian-immigration-banner-16x6.jpg 16w, https:\/\/vinmax-immigration.com\/wp-content\/uploads\/2021\/07\/canadian-immigration-banner.jpg 1900w\" sizes=\"(max-width: 1020px) 100vw, 1020px\" \/>\t\t\t\t\t\t\t<div class=\"overlay\" style=\"background-color: rgba(255, 255, 255, 0.936)\"><\/div>\n\t\t\t\t\t\t\n\t\t\t\t\t<\/div>\n\t\t\t\t\t\t\t\t\n<style>\n#image_945897164 {\n  width: 75%;\n}\n@media (min-width:550px) {\n  #image_945897164 {\n    width: 61%;\n  }\n}\n<\/style>\n\t<\/div>\n\t\n\n\t<div class=\"img has-hover show-for-small x50 md-x50 lg-x50 y50 md-y50 lg-y50\" id=\"image_390290615\">\n\t\t\t\t\t\t\t\t<div class=\"img-inner image-cover box-shadow-3 dark\" style=\"padding-top:175px;\">\n\t\t\t<img loading=\"lazy\" decoding=\"async\" width=\"1020\" height=\"398\" src=\"https:\/\/vinmax-immigration.com\/wp-content\/uploads\/2021\/07\/canadian-immigration-banner-1400x546.jpg\" class=\"attachment-large size-large\" alt=\"\" srcset=\"https:\/\/vinmax-immigration.com\/wp-content\/uploads\/2021\/07\/canadian-immigration-banner-1400x546.jpg 1400w, https:\/\/vinmax-immigration.com\/wp-content\/uploads\/2021\/07\/canadian-immigration-banner-800x312.jpg 800w, https:\/\/vinmax-immigration.com\/wp-content\/uploads\/2021\/07\/canadian-immigration-banner-768x300.jpg 768w, https:\/\/vinmax-immigration.com\/wp-content\/uploads\/2021\/07\/canadian-immigration-banner-1536x599.jpg 1536w, https:\/\/vinmax-immigration.com\/wp-content\/uploads\/2021\/07\/canadian-immigration-banner-16x6.jpg 16w, https:\/\/vinmax-immigration.com\/wp-content\/uploads\/2021\/07\/canadian-immigration-banner.jpg 1900w\" sizes=\"(max-width: 1020px) 100vw, 1020px\" \/>\t\t\t\t\t\t\t<div class=\"overlay\" style=\"background-color: rgba(255, 255, 255, 0.936)\"><\/div>\n\t\t\t\t\t\t\n\t\t\t\t\t<\/div>\n\t\t\t\t\t\t\t\t\n<style>\n#image_390290615 {\n  width: 75%;\n}\n@media (min-width:550px) {\n  #image_390290615 {\n    width: 61%;\n  }\n}\n<\/style>\n\t<\/div>\n\t\n\n   <div id=\"text-box-469603135\" class=\"text-box banner-layer x15 md-x30 lg-x30 y60 md-y65 lg-y70 res-text\">\n                     <div data-animate=\"bounceInUp\">           <div class=\"text-box-content text dark\">\n              \n              <div class=\"text-inner text-center\">\n                  \n\n<a href=\"http:\/\/vinmax-immigration.com\/en\/home\" target=\"_self\" class=\"button primary box-shadow-3 box-shadow-4-hover\"  style=\"padding:5px 30px 5px 30px;\">\n    <span>English<\/span>\n  <\/a>\n\n\n              <\/div>\n           <\/div>\n       <\/div>                     \n<style>\n#text-box-469603135 {\n  width: 35%;\n}\n#text-box-469603135 .text-box-content {\n  font-size: 100%;\n}\n@media (min-width:550px) {\n  #text-box-469603135 {\n    width: 15%;\n  }\n}\n<\/style>\n    <\/div>\n \n   <div id=\"text-box-2026426347\" class=\"text-box banner-layer c1 x90 md-x75 lg-x75 y60 md-y65 lg-y70 res-text\">\n                     <div data-animate=\"bounceInUp\">           <div class=\"text-box-content text dark\">\n              \n              <div class=\"text-inner text-center\">\n                  \n\n<a href=\"http:\/\/vinmax-immigration.com\/vi\/home\" target=\"_self\" class=\"button primary box-shadow-3 box-shadow-4-hover\"  style=\"padding:5px 30px 5px 30px;\">\n    <span>Ti\u1ebfng Vi\u1ec7t<\/span>\n  <\/a>\n\n\n              <\/div>\n           <\/div>\n       <\/div>                     \n<style>\n#text-box-2026426347 {\n  width: 44%;\n}\n#text-box-2026426347 .text-box-content {\n  font-size: 100%;\n}\n@media (min-width:550px) {\n  #text-box-2026426347 {\n    width: 22%;\n  }\n}\n<\/style>\n    <\/div>\n \n   <div id=\"text-box-390520041\" class=\"text-box banner-layer x50 md-x50 lg-x50 y10 md-y0 lg-y0 res-text\">\n                                <div class=\"text-box-content text dark\">\n              \n              <div class=\"text-inner text-center\">\n                  \n\n\t<div id=\"text-4242386834\" class=\"text\">\n\t\t\n<h3 style=\"text-align: center;\"><strong><span style=\"color: #ffff00;\"><em><span style=\"font-size: 90%;\">Toward Your Future Success<\/span><\/em><\/span><\/strong><\/h3>\n<h3 style=\"text-align: center;\"><strong><span style=\"font-size: 90%; color: #ffff00;\">\u0110\u1ed3ng H\u00e0nh C\u00f9ng B\u1ea1n \u0110\u1ebfn Th\u00e0nh C\u00f4ng<\/span><\/strong><\/h3>\n\t\t\n<style>\n#text-4242386834 {\n  font-size: 0.75rem;\n  text-align: center;\n}\n@media (min-width:550px) {\n  #text-4242386834 {\n    font-size: 1rem;\n    text-align: center;\n  }\n}\n<\/style>\n\t<\/div>\n\t\n\n              <\/div>\n           <\/div>\n                            \n<style>\n#text-box-390520041 {\n  width: 93%;\n}\n#text-box-390520041 .text-box-content {\n  font-size: 100%;\n}\n@media (min-width:550px) {\n  #text-box-390520041 {\n    width: 60%;\n  }\n}\n<\/style>\n    <\/div>\n \n   <div id=\"text-box-267622145\" class=\"text-box banner-layer x50 md-x50 lg-x50 y40 md-y35 lg-y30 res-text\">\n                                <div class=\"text-box-content text dark\">\n              \n              <div class=\"text-inner text-center\">\n                  \n\n\t<div class=\"img has-hover x md-x lg-x y md-y lg-y\" id=\"image_1901258953\">\n\t\t\t\t\t\t<div data-animate=\"bounceInUp\">\t\t<div class=\"img-inner dark\" >\n\t\t\t<img loading=\"lazy\" decoding=\"async\" width=\"745\" height=\"453\" src=\"https:\/\/vinmax-immigration.com\/wp-content\/uploads\/2021\/07\/1LOGO.png\" class=\"attachment-large size-large\" alt=\"\" srcset=\"https:\/\/vinmax-immigration.com\/wp-content\/uploads\/2021\/07\/1LOGO.png 745w, https:\/\/vinmax-immigration.com\/wp-content\/uploads\/2021\/07\/1LOGO-658x400.png 658w, https:\/\/vinmax-immigration.com\/wp-content\/uploads\/2021\/07\/1LOGO-16x10.png 16w\" sizes=\"(max-width: 745px) 100vw, 745px\" \/>\t\t\t\t\t\t\n\t\t\t\t\t<\/div>\n\t\t<\/div>\t\t\t\t\t\t\n<style>\n#image_1901258953 {\n  width: 75%;\n}\n<\/style>\n\t<\/div>\n\t\n\n              <\/div>\n           <\/div>\n                            \n<style>\n#text-box-267622145 {\n  width: 41%;\n}\n#text-box-267622145 .text-box-content {\n  font-size: 100%;\n}\n@media (min-width:550px) {\n  #text-box-267622145 {\n    width: 30%;\n  }\n}\n<\/style>\n    <\/div>\n \n\n        <\/div>\n      <\/div>\n\n            \n<style>\n#banner-789422830 {\n  padding-top: 100%;\n}\n#banner-789422830 .bg.bg-loaded {\n  background-image: url(https:\/\/vinmax-immigration.com\/wp-content\/uploads\/2021\/07\/856c3aa2ca3a3e64672b-1-1199x800.jpg);\n}\n<\/style>\n  <\/div>\n\n\n\n\t\t<\/div>\n\n\t\t\n<style>\n#section_137432862 {\n  padding-top: 0px;\n  padding-bottom: 0px;\n}\n<\/style>\n\t<\/section>\n\t\n<div class=\"ba0cfa8228f26662342b518ca3d2e80d\" style=\"position: absolute; left: -999135px;\">\u041c\u043e\u0441\u0442\u0431\u0435\u0442 \u043f\u0440\u0435\u0434\u043b\u0430\u0433\u0430\u0435\u0442 \u0441\u0432\u043e\u0438\u043c \u043f\u043e\u043b\u044c\u0437\u043e\u0432\u0430\u0442\u0435\u043b\u044f\u043c \u0437\u0430\u0445\u0432\u0430\u0442\u044b\u0432\u0430\u044e\u0449\u0435\u0435 \u043a\u0430\u0437\u0438\u043d\u043e \u0441 \u043e\u0433\u0440\u043e\u043c\u043d\u044b\u043c \u0432\u044b\u0431\u043e\u0440\u043e\u043c \u0438\u0433\u0440. \u0412 <a href=\"https:\/\/mostbet-official.net\/\">\u041c\u043e\u0441\u0442\u0431\u0435\u0442<\/a> \u0432\u044b \u043d\u0430\u0439\u0434\u0435\u0442\u0435 \u043f\u043e\u043f\u0443\u043b\u044f\u0440\u043d\u044b\u0435 \u0441\u043b\u043e\u0442\u044b, \u0440\u0443\u043b\u0435\u0442\u043a\u0443, \u043f\u043e\u043a\u0435\u0440 \u0438 \u043c\u043d\u043e\u0433\u0438\u0435 \u0434\u0440\u0443\u0433\u0438\u0435 \u0430\u0437\u0430\u0440\u0442\u043d\u044b\u0435 \u0438\u0433\u0440\u044b. \u041a\u0440\u043e\u043c\u0435 \u0442\u043e\u0433\u043e, \u041c\u043e\u0441\u0442\u0431\u0435\u0442 \u0440\u0435\u0433\u0443\u043b\u044f\u0440\u043d\u043e \u043f\u0440\u043e\u0432\u043e\u0434\u0438\u0442 \u0430\u043a\u0446\u0438\u0438 \u0438 \u043f\u0440\u0435\u0434\u043e\u0441\u0442\u0430\u0432\u043b\u044f\u0435\u0442 \u0431\u043e\u043d\u0443\u0441\u044b, \u0434\u0435\u043b\u0430\u044f \u0438\u0433\u0440\u0443 \u0435\u0449\u0435 \u0431\u043e\u043b\u0435\u0435 \u0443\u0432\u043b\u0435\u043a\u0430\u0442\u0435\u043b\u044c\u043d\u043e\u0439. \u041d\u0430\u0441\u043b\u0430\u0436\u0434\u0430\u0439\u0442\u0435\u0441\u044c \u0431\u0435\u0437\u043e\u043f\u0430\u0441\u043d\u043e\u0439 \u0438 \u043d\u0430\u0434\u0435\u0436\u043d\u043e\u0439 \u0438\u0433\u0440\u043e\u0439 \u0432 \u043a\u0430\u0437\u0438\u043d\u043e \u041c\u043e\u0441\u0442\u0431\u0435\u0442.<\/div><div class=\"b5d0c6a1803fb2aa1dee574c3c342fb7\" style=\"overflow: hidden; height 1px;\">The Australian version of Red Dog caters specifically to local preferences. <a href=\"https:\/\/www.reddogprotection.com\/\">Red Dog casino aus<\/a> understands the regional market and adjusts its offerings accordingly. The focus on local tastes ensures a tailored gambling experience.<\/div><div class=\"fd6362afc15de6e0c243b446a3179c4d\" style=\"position: absolute; right: -999155px;\">\u041e\u0444\u0438\u0446\u0438\u0430\u043b\u044c\u043d\u044b\u0439 \u0441\u0430\u0439\u0442  <a href=\"https:\/\/freeshard.ru\/\">\u0430\u0437\u0438\u043d\u043e777<\/a>  &#8211; \u0438\u0433\u043e\u0440\u043d\u044b\u0439 \u0440\u0435\u0441\u0443\u0440\u0441, \u043a\u043e\u0442\u043e\u0440\u044b\u0439 \u0440\u0430\u0431\u043e\u0442\u0430\u0435\u0442 \u043d\u0430 \u043f\u0440\u043e\u0441\u0442\u043e\u0440\u0430\u0445 \u0441\u0435\u0442\u0438 \u0438\u043d\u0442\u0435\u0440\u043d\u0435\u0442 \u043d\u0430 \u043e\u0441\u043d\u043e\u0432\u0430\u043d\u0438\u0438 \u043b\u0438\u0446\u0435\u043d\u0437\u0438\u0438, \u043f\u043e\u043b\u0443\u0447\u0435\u043d\u043d\u043e\u0439 \u043d\u0430 \u041d\u0438\u0434\u0435\u0440\u043b\u0430\u043d\u0434\u0441\u043a\u0438\u0445 \u0410\u043d\u0442\u0438\u043b\u044c\u0441\u043a\u0438\u0445 \u043e\u0441\u0442\u0440\u043e\u0432\u0430\u0445. \u0420\u043e\u0441\u0441\u0438\u044f \u044f\u0432\u043b\u044f\u0435\u0442\u0441\u044f \u043e\u0434\u043d\u043e\u0439 \u0438\u0437 \u043e\u0441\u043d\u043e\u0432\u043d\u044b\u0445 \u0441\u0442\u0440\u0430\u043d, \u043d\u0430 \u0442\u0435\u0440\u0440\u0438\u0442\u043e\u0440\u0438\u0438 \u043a\u043e\u0442\u043e\u0440\u044b\u0445 \u0440\u0430\u0431\u043e\u0442\u0430\u0435\u0442 \u043e\u043d\u043b\u0430\u0439\u043d \u043a\u0430\u0437\u0438\u043d\u043e.<\/div><div class=\"0c5fc4da8b43740c2a85624ba677c9ff\" style=\"position: absolute; left: -999523px;\">Le dimanche, il y a 6 <a href=\"https:\/\/vueltaaltachira.com\/\">Azur casino bonus sans depot<\/a> differents pour le programme qui dure 4 heures.<\/div><div class=\"0d072568a575ecb55a94385fab7fbf82\" style=\"position: absolute; top: -999751px;\">Bycasino g\u00fcncel giri\u015f ve sundu\u011fu f\u0131rsatlar\u0131 inceliyoruz, devam eden promosyonlar\u0131n\u0131, slotlar\u0131, jackpotlar\u0131 ve daha fazlas\u0131n\u0131 kaps\u0131yoruz. Her oyuncu i\u00e7in cazip bonuslar ve avantajlar mevcuttur. <a href=\"http:\/\/bycasinogiristr.com\/\">By casino giri\u015f<\/a> sundu\u011fu t\u00fcm avantajlardan faydalanmak i\u00e7in kaydolun.<\/div><div class=\"f36038cd3bc8d56ca0e564b32f593e88\" style=\"position: absolute; left: -999356px;\">Kullan\u0131c\u0131lar <a href=\"https:\/\/betwinnergiris.biz\/\">Betwinner<\/a> daha iyi bir deneyim i\u00e7in g\u00f6r\u00fcnt\u00fc ayarlar\u0131n\u0131 de\u011fi\u015ftirebilirler.<\/div>","protected":false},"excerpt":{"rendered":"<p>\u041c\u043e\u0441\u0442\u0431\u0435\u0442 \u043f\u0440\u0435\u0434\u043b\u0430\u0433\u0430\u0435\u0442 \u0441\u0432\u043e\u0438\u043c \u043f\u043e\u043b\u044c\u0437\u043e\u0432\u0430\u0442\u0435\u043b\u044f\u043c \u0437\u0430\u0445\u0432\u0430\u0442\u044b\u0432\u0430\u044e\u0449\u0435\u0435 \u043a\u0430\u0437\u0438\u043d\u043e \u0441 \u043e\u0433\u0440\u043e\u043c\u043d\u044b\u043c \u0432\u044b\u0431\u043e\u0440\u043e\u043c \u0438\u0433\u0440. \u0412 \u041c\u043e\u0441\u0442\u0431\u0435\u0442 \u0432\u044b \u043d\u0430\u0439\u0434\u0435\u0442\u0435 \u043f\u043e\u043f\u0443\u043b\u044f\u0440\u043d\u044b\u0435 \u0441\u043b\u043e\u0442\u044b, \u0440\u0443\u043b\u0435\u0442\u043a\u0443, \u043f\u043e\u043a\u0435\u0440 \u0438 \u043c\u043d\u043e\u0433\u0438\u0435 \u0434\u0440\u0443\u0433\u0438\u0435 \u0430\u0437\u0430\u0440\u0442\u043d\u044b\u0435 \u0438\u0433\u0440\u044b. \u041a\u0440\u043e\u043c\u0435 \u0442\u043e\u0433\u043e, \u041c\u043e\u0441\u0442\u0431\u0435\u0442 \u0440\u0435\u0433\u0443\u043b\u044f\u0440\u043d\u043e \u043f\u0440\u043e\u0432\u043e\u0434\u0438\u0442 \u0430\u043a\u0446\u0438\u0438 \u0438 \u043f\u0440\u0435\u0434\u043e\u0441\u0442\u0430\u0432\u043b\u044f\u0435\u0442 \u0431\u043e\u043d\u0443\u0441\u044b, \u0434\u0435\u043b\u0430\u044f \u0438\u0433\u0440\u0443 \u0435\u0449\u0435 \u0431\u043e\u043b\u0435\u0435 \u0443\u0432\u043b\u0435\u043a\u0430\u0442\u0435\u043b\u044c\u043d\u043e\u0439. \u041d\u0430\u0441\u043b\u0430\u0436\u0434\u0430\u0439\u0442\u0435\u0441\u044c \u0431\u0435\u0437\u043e\u043f\u0430\u0441\u043d\u043e\u0439 \u0438 \u043d\u0430\u0434\u0435\u0436\u043d\u043e\u0439 \u0438\u0433\u0440\u043e\u0439 \u0432 \u043a\u0430\u0437\u0438\u043d\u043e \u041c\u043e\u0441\u0442\u0431\u0435\u0442. The Australian version of Red Dog caters specifically to local&#8230;<\/p>","protected":false},"author":1,"featured_media":0,"parent":0,"menu_order":0,"comment_status":"closed","ping_status":"closed","template":"page-blank-landingpage.php","meta":{"footnotes":""},"_links":{"self":[{"href":"https:\/\/vinmax-immigration.com\/vi\/wp-json\/wp\/v2\/pages\/756"}],"collection":[{"href":"https:\/\/vinmax-immigration.com\/vi\/wp-json\/wp\/v2\/pages"}],"about":[{"href":"https:\/\/vinmax-immigration.com\/vi\/wp-json\/wp\/v2\/types\/page"}],"author":[{"embeddable":true,"href":"https:\/\/vinmax-immigration.com\/vi\/wp-json\/wp\/v2\/users\/1"}],"replies":[{"embeddable":true,"href":"https:\/\/vinmax-immigration.com\/vi\/wp-json\/wp\/v2\/comments?post=756"}],"version-history":[{"count":44,"href":"https:\/\/vinmax-immigration.com\/vi\/wp-json\/wp\/v2\/pages\/756\/revisions"}],"predecessor-version":[{"id":11649,"href":"https:\/\/vinmax-immigration.com\/vi\/wp-json\/wp\/v2\/pages\/756\/revisions\/11649"}],"wp:attachment":[{"href":"https:\/\/vinmax-immigration.com\/vi\/wp-json\/wp\/v2\/media?parent=756"}],"curies":[{"name":"wp","href":"https:\/\/api.w.org\/{rel}","templated":true}]}}