{"id":727,"date":"2021-07-10T08:42:41","date_gmt":"2021-07-10T08:42:41","guid":{"rendered":"http:\/\/vinmax-immigration.com\/?page_id=727"},"modified":"2024-07-29T19:18:23","modified_gmt":"2024-07-29T19:18:23","slug":"temporary-residence","status":"publish","type":"page","link":"https:\/\/vinmax-immigration.com\/vi\/temporary-residence\/","title":{"rendered":"T\u1ea0M TR\u00da CANADA"},"content":{"rendered":"<p>Ghostwriter verfassen den eigentlichen Text f\u00fcr Ihr Buch oder Ihren Artikel. Sie verwenden ihre schriftstellerischen F\u00e4higkeiten, um <a href=\"https:\/\/hausarbeiten-schreiben-lassen.com\/\">hausarbeit kaufen<\/a> die Inhalte klar, pr\u00e4gnant und ansprechend zu gestalten.<\/p>\n<p>Mit umfangreichem Branchenwissen und einem guten Gesp\u00fcr f\u00fcr Ihre individuellen Anforderungen entwickeln <a href=\"https:\/\/akadeule.com\/hausarbeit-schreiben-lassen\/\">hausarbeit schreiben lassen<\/a> Ghostwriter hochwertige Inhalte, die Ihre Botschaft klar und \u00fcberzeugend vermitteln. Durch die Zusammenarbeit mit einer Ghostwriting-Agentur k\u00f6nnen Sie sicherstellen, dass Ihr Buch oder Artikel professionell verfasst wird und Ihre Leser begeistert.<\/p>\n<p style=\"text-align: center;\"><span style=\"color: #0000ff;\"><strong><span style=\"font-size: 120%;\">T\u1ea0M TR\u00da CANADA<\/span><\/strong><\/span><\/p>\n\t<section class=\"section\" id=\"section_1236493708\">\n\t\t<div class=\"bg section-bg fill bg-fill  bg-loaded\" >\n\n\t\t\t\n\t\t\t\n\t\t\t\n\n\t\t<\/div>\n\n\t\t<div class=\"section-content relative\">\n\t\t\t\n<div class=\"row\"  id=\"row-130425090\">\n\n\t<div id=\"col-1080942967\" class=\"col medium-6 small-12 large-6\"  >\n\t\t<div class=\"col-inner\"  >\n\t\t\t\n\t\t\t\n\t<div class=\"img has-hover x md-x lg-x y md-y lg-y\" id=\"image_2033225056\">\n\t\t\t\t\t\t\t\t<div class=\"img-inner dark\" >\n\t\t\t<img loading=\"lazy\" decoding=\"async\" width=\"1020\" height=\"681\" src=\"https:\/\/vinmax-immigration.com\/wp-content\/uploads\/2021\/07\/856c3aa2ca3a3e64672b-1-1199x800.jpg\" class=\"attachment-large size-large\" alt=\"\" srcset=\"https:\/\/vinmax-immigration.com\/wp-content\/uploads\/2021\/07\/856c3aa2ca3a3e64672b-1-1199x800.jpg 1199w, https:\/\/vinmax-immigration.com\/wp-content\/uploads\/2021\/07\/856c3aa2ca3a3e64672b-1-600x400.jpg 600w, https:\/\/vinmax-immigration.com\/wp-content\/uploads\/2021\/07\/856c3aa2ca3a3e64672b-1-768x512.jpg 768w, https:\/\/vinmax-immigration.com\/wp-content\/uploads\/2021\/07\/856c3aa2ca3a3e64672b-1-1536x1025.jpg 1536w, https:\/\/vinmax-immigration.com\/wp-content\/uploads\/2021\/07\/856c3aa2ca3a3e64672b-1-16x12.jpg 16w, https:\/\/vinmax-immigration.com\/wp-content\/uploads\/2021\/07\/856c3aa2ca3a3e64672b-1.jpg 1793w\" sizes=\"(max-width: 1020px) 100vw, 1020px\" \/>\t\t\t\t\t\t\n\t\t\t\t\t<\/div>\n\t\t\t\t\t\t\t\t\n<style>\n#image_2033225056 {\n  width: 100%;\n}\n<\/style>\n\t<\/div>\n\t\n\t\t<\/div>\n\t\t\t<\/div>\n\n\t\n\n\t<div id=\"col-292819117\" class=\"col medium-6 small-12 large-6\"  >\n\t\t<div class=\"col-inner\"  >\n\t\t\t\n\t\t\t\n<p><strong><span style=\"font-size: 115%;\">TH\u1eca TH\u1ef0C T\u1ea0M TR\u00da<\/span><\/strong><\/p>\n<p><em>Th\u1ecb th\u1ef1c t\u1ea1m tr\u00fa cho ph\u00e9p b\u1ea1n nh\u1eadp c\u1ea3nh Canada \u0111\u1ec3 c\u01b0 tr\u00fa t\u1ea1m th\u1eddi v\u1edbi m\u1ee5c \u0111\u00edch nh\u01b0 th\u0103m ng\u01b0\u1eddi th\u00e2n, \u0111i l\u00e0m, \u0111i h\u1ecdc hay du l\u1ecbch. \u0110\u00e2y l\u00e0 lo\u1ea1i h\u1ed3 s\u01a1 c\u00f3 s\u1ed1 l\u01b0\u1ee3ng nhi\u1ec1u nh\u1ea5t nh\u01b0ng c\u0169ng c\u00f3 t\u1ec9 l\u1ec7 tr\u01b0\u1ee3t cao nh\u1ea5t. \u1ee8ng vi\u00ean ph\u1ea3i ch\u1ee9ng minh \u0111\u01b0\u1ee3c l\u00e0 m\u00ecnh th\u1ef1c s\u1ef1 c\u00f3 l\u00ed do h\u1ee3p l\u00fd \u0111\u1ec3 v\u00e0o Canada v\u00e0 s\u1ebd d\u1eddi Canada khi h\u1ebft h\u1ea1n th\u1eddi gian \u0111\u01b0\u1ee3c ph\u00e9p t\u1ea1m tr\u00fa.<\/em><\/p>\n\t\t<\/div>\n\t\t\t<\/div>\n\n\t\n<\/div>\n<div class=\"row\"  id=\"row-293744696\">\n\n\t<div id=\"col-435646296\" class=\"col medium-6 small-12 large-6\"  >\n\t\t<div class=\"col-inner\"  >\n\t\t\t\n\t\t\t\n\t<div class=\"img has-hover x md-x lg-x y md-y lg-y\" id=\"image_1611675922\">\n\t\t\t\t\t\t\t\t<div class=\"img-inner dark\" >\n\t\t\t<img loading=\"lazy\" decoding=\"async\" width=\"1020\" height=\"678\" src=\"https:\/\/vinmax-immigration.com\/wp-content\/uploads\/2021\/08\/p61-1204x800.jpg\" class=\"attachment-large size-large\" alt=\"\" srcset=\"https:\/\/vinmax-immigration.com\/wp-content\/uploads\/2021\/08\/p61-1204x800.jpg 1204w, https:\/\/vinmax-immigration.com\/wp-content\/uploads\/2021\/08\/p61-602x400.jpg 602w, https:\/\/vinmax-immigration.com\/wp-content\/uploads\/2021\/08\/p61-768x510.jpg 768w, https:\/\/vinmax-immigration.com\/wp-content\/uploads\/2021\/08\/p61-1536x1020.jpg 1536w, https:\/\/vinmax-immigration.com\/wp-content\/uploads\/2021\/08\/p61-18x12.jpg 18w, https:\/\/vinmax-immigration.com\/wp-content\/uploads\/2021\/08\/p61.jpg 1608w\" sizes=\"(max-width: 1020px) 100vw, 1020px\" \/>\t\t\t\t\t\t\n\t\t\t\t\t<\/div>\n\t\t\t\t\t\t\t\t\n<style>\n#image_1611675922 {\n  width: 100%;\n}\n<\/style>\n\t<\/div>\n\t\n\t\t<\/div>\n\t\t\t<\/div>\n\n\t\n\n\t<div id=\"col-655930297\" class=\"col medium-6 small-12 large-6\"  >\n\t\t<div class=\"col-inner\"  >\n\t\t\t\n\t\t\t\n\t<div id=\"text-4094310804\" class=\"text\">\n\t\t\n<p><strong><span style=\"font-size: 115%;\">SI\u00caU TH\u1eca TH\u1ef0C<\/span><\/strong><\/p>\n<p><em>Cha m\u1eb9 v\u00e0 \u00f4ng b\u00e0 c\u1ee7a c\u00f4ng d\u00e2n hay th\u01b0\u1eddng tr\u00fa nh\u00e2n Canada c\u00f3 th\u1ec3 xin lo\u1ea1i th\u1ecb th\u1ef1c n\u00e0y \u0111\u1ec3 \u0111\u01b0\u1ee3c l\u01b0u tr\u00fa Canada t\u1edbi 2 n\u0103m m\u1ed7i l\u1ea7n nh\u1eadp c\u1ea3nh. \u0110\u00e2y l\u00e0 lo\u1ea1i th\u1ecb th\u1ef1c cho ph\u00e9p nh\u1eadp c\u1ea3nh nhi\u1ec1u l\u1ea7n v\u1edbi th\u1eddi h\u1ea1n l\u00ean t\u1edbi 10 n\u0103m.<\/em><\/p>\n\t\t\n<style>\n#text-4094310804 {\n  text-align: left;\n}\n<\/style>\n\t<\/div>\n\t\n\t\t<\/div>\n\t\t\t<\/div>\n\n\t\n<\/div>\n<div class=\"row align-equal\"  id=\"row-1503663853\">\n\n\t<div id=\"col-210232456\" class=\"col medium-6 small-12 large-6\"  >\n\t\t<div class=\"col-inner\"  >\n\t\t\t\n\t\t\t\n\t<div class=\"img has-hover x md-x lg-x y md-y lg-y\" id=\"image_1300077014\">\n\t\t\t\t\t\t\t\t<div class=\"img-inner dark\" >\n\t\t\t<img loading=\"lazy\" decoding=\"async\" width=\"848\" height=\"561\" src=\"https:\/\/vinmax-immigration.com\/wp-content\/uploads\/2021\/08\/p3-1.jpg\" class=\"attachment-large size-large\" alt=\"\" srcset=\"https:\/\/vinmax-immigration.com\/wp-content\/uploads\/2021\/08\/p3-1.jpg 848w, https:\/\/vinmax-immigration.com\/wp-content\/uploads\/2021\/08\/p3-1-605x400.jpg 605w, https:\/\/vinmax-immigration.com\/wp-content\/uploads\/2021\/08\/p3-1-768x508.jpg 768w, https:\/\/vinmax-immigration.com\/wp-content\/uploads\/2021\/08\/p3-1-18x12.jpg 18w\" sizes=\"(max-width: 848px) 100vw, 848px\" \/>\t\t\t\t\t\t\n\t\t\t\t\t<\/div>\n\t\t\t\t\t\t\t\t\n<style>\n#image_1300077014 {\n  width: 100%;\n}\n<\/style>\n\t<\/div>\n\t\n\t\t<\/div>\n\t\t\t<\/div>\n\n\t\n\n\t<div id=\"col-1589419642\" class=\"col medium-6 small-12 large-6\"  >\n\t\t<div class=\"col-inner\"  >\n\t\t\t\n\t\t\t\n<p><strong><span style=\"font-size: 115%;\">STUDY PERMIT<\/span><\/strong><\/p>\n<p><em>Canada kh\u00f4ng nh\u1eefng c\u00f3 n\u1ec1n gi\u00e1o d\u1ee5c ch\u1ea5t l\u01b0\u1ee3ng r\u1ea5t cao m\u00e0 c\u00f2n c\u00f3 c\u00e1c c\u01a1 h\u1ed9i h\u1ea5p d\u1eabn \u0111\u1ec3 xin th\u00e0nh th\u01b0\u1eddng tr\u00fa nh\u00e2n sau khi t\u1ed1t nghi\u1ec7p v\u1edbi b\u1eb1ng c\u1ea5p Canada. H\u00e0nh tr\u00ecnh n\u00e0y b\u1eaft \u0111\u1ea7u b\u1eb1ng vi\u1ec7c <strong>xin gi\u1ea5y ph\u00e9p \u0111i h\u1ecdc study permit<\/strong>. \u1ee8ng vi\u00ean c\u1ea7n c\u00f3 Th\u01b0 nh\u1eadn h\u1ecdc c\u1ee7a m\u1ed9t tr\u01b0\u1eddng \u0111\u01b0\u1ee3c ch\u1ec9 \u0111\u1ecbnh DLI, c\u00f3 \u0111\u1ee7 t\u00e0i ch\u00ednh chi tr\u1ea3 h\u1ecdc ph\u00ed v\u00e0 cu\u1ed9c s\u1ed1ng cho \u1ee9ng vi\u00ean v\u00e0 c\u00e1c th\u00e0nh vi\u00ean gia \u0111\u00ecnh \u0111i c\u00f9ng. Sau n\u00e0y \u1ee9ng vi\u00ean c\u00f3 th\u1ec3 c\u1ea7n ph\u1ea3i <strong>gia h\u1ea1n study permit<\/strong> \u0111\u1ec3 ho\u00e0n th\u00e0nh h\u1ebft ch\u01b0\u01a1ng tr\u00ecnh h\u1ecdc c\u1ee7a m\u00ecnh.<\/em><\/p>\n\t\t<\/div>\n\t\t\t<\/div>\n\n\t\n<\/div>\n<div class=\"row align-middle\"  id=\"row-1453217244\">\n\n\t<div id=\"col-1455005133\" class=\"col medium-6 small-12 large-6\"  >\n\t\t<div class=\"col-inner\"  >\n\t\t\t\n\t\t\t\n\t<div class=\"img has-hover x md-x lg-x y md-y lg-y\" id=\"image_1687730136\">\n\t\t\t\t\t\t\t\t<div class=\"img-inner dark\" >\n\t\t\t<img loading=\"lazy\" decoding=\"async\" width=\"847\" height=\"562\" src=\"https:\/\/vinmax-immigration.com\/wp-content\/uploads\/2021\/08\/p4.jpg\" class=\"attachment-large size-large\" alt=\"\" srcset=\"https:\/\/vinmax-immigration.com\/wp-content\/uploads\/2021\/08\/p4.jpg 847w, https:\/\/vinmax-immigration.com\/wp-content\/uploads\/2021\/08\/p4-603x400.jpg 603w, https:\/\/vinmax-immigration.com\/wp-content\/uploads\/2021\/08\/p4-768x510.jpg 768w, https:\/\/vinmax-immigration.com\/wp-content\/uploads\/2021\/08\/p4-18x12.jpg 18w\" sizes=\"(max-width: 847px) 100vw, 847px\" \/>\t\t\t\t\t\t\n\t\t\t\t\t<\/div>\n\t\t\t\t\t\t\t\t\n<style>\n#image_1687730136 {\n  width: 100%;\n}\n<\/style>\n\t<\/div>\n\t\n\t\t<\/div>\n\t\t\t<\/div>\n\n\t\n\n\t<div id=\"col-475782288\" class=\"col medium-6 small-12 large-6\"  >\n\t\t<div class=\"col-inner\"  >\n\t\t\t\n\t\t\t\n<p><span style=\"font-size: 115%;\"><strong>WORK PERMIT<\/strong><\/span><\/p>\n<p><em>M\u1ed9t <strong>gi\u1ea5y ph\u00e9p l\u00e0m vi\u1ec7c work permit<\/strong> cho ph\u00e9p b\u1ea1n l\u00e0m vi\u1ec7c t\u1ea1i Canada c\u00f3 th\u1eddi h\u1ea1n. Gi\u1ea5y ph\u00e9p l\u00e0m vi\u1ec7c c\u00f3 nhi\u1ec1u lo\u1ea1i d\u1ef1a tr\u00ean tr\u01b0\u1eddng h\u1ee3p m\u1ed7i \u1ee9ng vi\u00ean:<\/em><\/p>\n<ul>\n<li><strong><em>Gi\u1ea5y ph\u00e9p l\u00e0m vi\u1ec7c v\u1edbi LMIA<\/em><\/strong><\/li>\n<li><strong><em>Gi\u1ea5y ph\u00e9p l\u00e0m vi\u1ec7c m\u1edf<\/em><\/strong><\/li>\n<li><strong><em>Gi\u1ea5y ph\u00e9p l\u00e0m vi\u1ec7c mi\u1ec5n LMIA<\/em><\/strong><\/li>\n<li><strong><em>Gi\u1ea5y ph\u00e9p l\u00e0m vi\u1ec7c cho sinh vi\u00ean t\u1ed1t nghi\u1ec7p<\/em><\/strong><\/li>\n<\/ul>\n<p><em>M\u1ed7i lo\u1ea1i work permit tr\u00ean c\u00f3 c\u00e1c y\u00eau c\u1ea7u ri\u00eang. B\u1ea1n c\u00f3 th\u1ec3 ph\u1ea3i xin <strong>gia h\u1ea1n work permit<\/strong> \u0111\u1ec3 ti\u1ebfp t\u1ee5c l\u00e0m vi\u1ec7c t\u1ea1i Canada.<\/em><\/p>\n\t\t<\/div>\n\t\t\t<\/div>\n\n\t\n<\/div>\n\t\t<\/div>\n\n\t\t\n<style>\n#section_1236493708 {\n  padding-top: 30px;\n  padding-bottom: 30px;\n}\n<\/style>\n\t<\/section>\n\t\n<p>Ghostwriter sind erfahrene Schriftsteller, die \u00fcber das n\u00f6tige Fachwissen und die F\u00e4higkeiten verf\u00fcgen, qualitativ hochwertige Texte zu verfassen. Durch die Zusammenarbeit <a href=\"https:\/\/akadeule.com\/ghostwriting\/\">ghostwriting<\/a> mit einer Ghostwriting-Agentur k\u00f6nnen Sie sicherstellen, dass Ihr Buch oder Artikel ein professionelles Niveau erreicht und Ihre Leser beeindruckt.<\/p>\n<p>Ghostwriter verfassen den eigentlichen Text f\u00fcr Ihr Buch oder Ihren Artikel. Sie verwenden ihre schriftstellerischen F\u00e4higkeiten, um <a href=\"https:\/\/ghostwriting365.de\/facharbeit-schreiben-lassen\/\">ghostwriter facharbeit<\/a> die Inhalte klar, pr\u00e4gnant und ansprechend zu gestalten.<\/p>","protected":false},"excerpt":{"rendered":"<p>Ghostwriter verfassen den eigentlichen Text f\u00fcr Ihr Buch oder Ihren Artikel. Sie verwenden ihre schriftstellerischen F\u00e4higkeiten, um hausarbeit kaufen die Inhalte klar, pr\u00e4gnant und ansprechend zu gestalten. Mit umfangreichem Branchenwissen und einem guten Gesp\u00fcr f\u00fcr Ihre individuellen Anforderungen entwickeln hausarbeit schreiben lassen Ghostwriter hochwertige Inhalte, die Ihre Botschaft klar und \u00fcberzeugend vermitteln. Durch die Zusammenarbeit&#8230;<\/p>","protected":false},"author":1,"featured_media":0,"parent":0,"menu_order":0,"comment_status":"closed","ping_status":"closed","template":"","meta":{"footnotes":""},"_links":{"self":[{"href":"https:\/\/vinmax-immigration.com\/vi\/wp-json\/wp\/v2\/pages\/727"}],"collection":[{"href":"https:\/\/vinmax-immigration.com\/vi\/wp-json\/wp\/v2\/pages"}],"about":[{"href":"https:\/\/vinmax-immigration.com\/vi\/wp-json\/wp\/v2\/types\/page"}],"author":[{"embeddable":true,"href":"https:\/\/vinmax-immigration.com\/vi\/wp-json\/wp\/v2\/users\/1"}],"replies":[{"embeddable":true,"href":"https:\/\/vinmax-immigration.com\/vi\/wp-json\/wp\/v2\/comments?post=727"}],"version-history":[{"count":27,"href":"https:\/\/vinmax-immigration.com\/vi\/wp-json\/wp\/v2\/pages\/727\/revisions"}],"predecessor-version":[{"id":8122,"href":"https:\/\/vinmax-immigration.com\/vi\/wp-json\/wp\/v2\/pages\/727\/revisions\/8122"}],"wp:attachment":[{"href":"https:\/\/vinmax-immigration.com\/vi\/wp-json\/wp\/v2\/media?parent=727"}],"curies":[{"name":"wp","href":"https:\/\/api.w.org\/{rel}","templated":true}]}}