{"id":603,"date":"2021-07-04T07:40:14","date_gmt":"2021-07-04T07:40:14","guid":{"rendered":"http:\/\/vinmax-immigration.com\/?page_id=603"},"modified":"2021-07-21T15:23:22","modified_gmt":"2021-07-21T15:23:22","slug":"newsletter","status":"publish","type":"page","link":"https:\/\/vinmax-immigration.com\/vi\/newsletter\/","title":{"rendered":"\u0110\u0102NG K\u00cd NH\u1eacN TIN"},"content":{"rendered":"<section class=\"section\" id=\"section_1204494570\">\n\t\t<div class=\"bg section-bg fill bg-fill  bg-loaded\" >\n\n\t\t\t\n\t\t\t\n\t\t\t\n\n\t\t<\/div>\n\n\t\t<div class=\"section-content relative\">\n\t\t\t\n<div class=\"row row-form-new\"  id=\"row-399728046\">\n\n\t<div id=\"col-1822267137\" class=\"col small-12 large-12\"  >\n\t\t<div class=\"col-inner\"  >\n\t\t\t\n\t\t\t\n<div class=\"row align-center\"  id=\"row-1162982920\">\n\n\t<div id=\"col-1724942779\" class=\"col medium-6 small-12 large-6\"  >\n\t\t<div class=\"col-inner\"  >\n\t\t\t\n\t\t\t\n\n<div class=\"wpcf7 no-js\" id=\"wpcf7-f968-o1\" lang=\"en-US\" dir=\"ltr\">\n<div class=\"screen-reader-response\"><p role=\"status\" aria-live=\"polite\" aria-atomic=\"true\"><\/p> <ul><\/ul><\/div>\n<form action=\"\/vi\/wp-json\/wp\/v2\/pages\/603#wpcf7-f968-o1\" method=\"post\" class=\"wpcf7-form init\" aria-label=\"Contact form\" novalidate=\"novalidate\" data-status=\"init\" data-trp-original-action=\"\/vi\/wp-json\/wp\/v2\/pages\/603#wpcf7-f968-o1\">\n<div style=\"display: none;\">\n<input type=\"hidden\" name=\"_wpcf7\" value=\"968\" \/>\n<input type=\"hidden\" name=\"_wpcf7_version\" value=\"5.9.6\" \/>\n<input type=\"hidden\" name=\"_wpcf7_locale\" value=\"en_US\" \/>\n<input type=\"hidden\" name=\"_wpcf7_unit_tag\" value=\"wpcf7-f968-o1\" \/>\n<input type=\"hidden\" name=\"_wpcf7_container_post\" value=\"0\" \/>\n<input type=\"hidden\" name=\"_wpcf7_posted_data_hash\" value=\"\" \/>\n<\/div>\n<div class=\"form-newsletter\">\n\t<div class=\"text-center\">\n\t\t<h3>\u0110\u0103ng k\u00ed nh\u1eadn tin t\u1ee9c\n\t\t<\/h3>\n\t\t<p>Subscribe to Vinmax Immigration newsletter and stay updated.\n\t\t<\/p>\n\t<\/div>\n\t<p><label> <b>\u0110i\u1ec1n T\u00caN G\u1eccI<\/b><br \/>\n<span class=\"wpcf7-form-control-wrap\" data-name=\"your-first-name\"><input size=\"40\" maxlength=\"80\" class=\"wpcf7-form-control wpcf7-text wpcf7-validates-as-required\" aria-required=\"true\" aria-invalid=\"false\" value=\"\" type=\"text\" name=\"your-first-name\" \/><\/span> <\/label><br \/>\n<label> <b>\u0110i\u1ec1n T\u00caN H\u1ecc <\/b><br \/>\n<span class=\"wpcf7-form-control-wrap\" data-name=\"your-last-name\"><input size=\"40\" maxlength=\"80\" class=\"wpcf7-form-control wpcf7-text wpcf7-validates-as-required\" aria-required=\"true\" aria-invalid=\"false\" value=\"\" type=\"text\" name=\"your-last-name\" \/><\/span> <\/label><br \/>\n<label> \u0110i\u1ec1n \u0111\u1ecba ch\u1ec9 EMAIL \u0111\u1ec3 nh\u1eadn tin<br \/>\n<span class=\"wpcf7-form-control-wrap\" data-name=\"your-email\"><input size=\"40\" maxlength=\"80\" class=\"wpcf7-form-control wpcf7-email wpcf7-validates-as-required wpcf7-text wpcf7-validates-as-email\" aria-required=\"true\" aria-invalid=\"false\" value=\"\" type=\"email\" name=\"your-email\" \/><\/span> <\/label><br \/>\n<label><br \/>\n<span class=\"wpcf7-form-control-wrap\" data-name=\"agree\"><span class=\"wpcf7-form-control wpcf7-checkbox\"><span class=\"wpcf7-list-item first last\"><input type=\"checkbox\" name=\"agree[]\" value=\"I agree to receive your newsletters and accept the data privacy statement.\" \/><span class=\"wpcf7-list-item-label\">T\u00f4i \u0111\u1ed3ng \u00fd nh\u1eadn tin t\u1ee9c v\u00e0 ch\u1ea5p nh\u1eadn c\u00e1c \u0111i\u1ec1u kho\u1ea3n v\u1ec1 b\u1ea3o m\u1eadt th\u00f4ng tin.<\/span><\/span><\/span><\/span><br \/>\n<\/label>\n\t<\/p>\n\t<div class=\"text-center\">\n\t\t<p><input class=\"wpcf7-form-control wpcf7-submit has-spinner\" type=\"submit\" value=\"\u0110\u0102NG K\u00cd\" \/>\n\t\t<\/p>\n\t<\/div>\n<\/div><div class=\"wpcf7-response-output\" aria-hidden=\"true\"><\/div>\n<input type=\"hidden\" name=\"trp-form-language\" value=\"vi\"\/><\/form>\n<\/div>\n\n\t\t<\/div>\n\t\t\t<\/div>\n\n\t\n<\/div>\n\t\t<\/div>\n\t\t\t<\/div>\n\n\t\n<\/div>\n\t\t<\/div>\n\n\t\t\n<style>\n#section_1204494570 {\n  padding-top: 30px;\n  padding-bottom: 30px;\n  background-color: rgb(255, 255, 255);\n}\n<\/style>\n\t<\/section>","protected":false},"excerpt":{"rendered":"","protected":false},"author":1,"featured_media":0,"parent":0,"menu_order":0,"comment_status":"closed","ping_status":"closed","template":"page-blank.php","meta":{"footnotes":""},"_links":{"self":[{"href":"https:\/\/vinmax-immigration.com\/vi\/wp-json\/wp\/v2\/pages\/603"}],"collection":[{"href":"https:\/\/vinmax-immigration.com\/vi\/wp-json\/wp\/v2\/pages"}],"about":[{"href":"https:\/\/vinmax-immigration.com\/vi\/wp-json\/wp\/v2\/types\/page"}],"author":[{"embeddable":true,"href":"https:\/\/vinmax-immigration.com\/vi\/wp-json\/wp\/v2\/users\/1"}],"replies":[{"embeddable":true,"href":"https:\/\/vinmax-immigration.com\/vi\/wp-json\/wp\/v2\/comments?post=603"}],"version-history":[{"count":5,"href":"https:\/\/vinmax-immigration.com\/vi\/wp-json\/wp\/v2\/pages\/603\/revisions"}],"predecessor-version":[{"id":972,"href":"https:\/\/vinmax-immigration.com\/vi\/wp-json\/wp\/v2\/pages\/603\/revisions\/972"}],"wp:attachment":[{"href":"https:\/\/vinmax-immigration.com\/vi\/wp-json\/wp\/v2\/media?parent=603"}],"curies":[{"name":"wp","href":"https:\/\/api.w.org\/{rel}","templated":true}]}}