{"id":556,"date":"2021-07-04T01:48:31","date_gmt":"2021-07-04T01:48:31","guid":{"rendered":"http:\/\/vinmax-immigration.com\/?page_id=556"},"modified":"2024-01-28T17:29:15","modified_gmt":"2024-01-28T17:29:15","slug":"about-us","status":"publish","type":"page","link":"https:\/\/vinmax-immigration.com\/vi\/about-us\/","title":{"rendered":"V\u1ec0 VINMAX"},"content":{"rendered":"<section class=\"section\" id=\"section_2041972878\">\n\t\t<div class=\"bg section-bg fill bg-fill  bg-loaded\" >\n\n\t\t\t\n\t\t\t\n\t\t\t\n\n\t\t<\/div>\n\n\t\t<div class=\"section-content relative\">\n\t\t\t\n\n<div class=\"row\"  id=\"row-334119650\">\n\n\n\t<div id=\"col-1172857404\" class=\"col div-no-padding medium-6 small-12 large-6\"  >\n\t\t<div class=\"col-inner\"  >\n\t\t\t\n\t\t\t\n\n\t<div class=\"img has-hover x md-x lg-x y md-y lg-y\" id=\"image_221326634\">\n\t\t\t\t\t\t\t\t<div class=\"img-inner dark\" >\n\t\t\t<img loading=\"lazy\" decoding=\"async\" width=\"642\" height=\"800\" src=\"https:\/\/vinmax-immigration.com\/wp-content\/uploads\/2021\/07\/16874563-642x800.png\" class=\"attachment-large size-large\" alt=\"\" srcset=\"https:\/\/vinmax-immigration.com\/wp-content\/uploads\/2021\/07\/16874563-642x800.png 642w, https:\/\/vinmax-immigration.com\/wp-content\/uploads\/2021\/07\/16874563-321x400.png 321w, https:\/\/vinmax-immigration.com\/wp-content\/uploads\/2021\/07\/16874563-768x957.png 768w, https:\/\/vinmax-immigration.com\/wp-content\/uploads\/2021\/07\/16874563-1233x1536.png 1233w, https:\/\/vinmax-immigration.com\/wp-content\/uploads\/2021\/07\/16874563-10x12.png 10w, https:\/\/vinmax-immigration.com\/wp-content\/uploads\/2021\/07\/16874563.png 1281w\" sizes=\"(max-width: 642px) 100vw, 642px\" \/>\t\t\t\t\t\t\n\t\t\t\t\t<\/div>\n\t\t\t\t\t\t\t\t\n<style>\n#image_221326634 {\n  width: 90%;\n}\n<\/style>\n\t<\/div>\n\t\n\n\t<div id=\"text-1861302307\" class=\"text\">\n\t\t\n\n<p style=\"text-align: center;\"><span style=\"color: #000000; font-size: 120%;\"><em><strong>Amy Nguyen<\/strong><\/em><\/span><\/p>\n<p style=\"text-align: center;\"><span style=\"color: #000000;\">RCIC-IRB - C\u1ed1 V\u1ea5n Di Tr\u00fa Canada<\/span><\/p>\n<p style=\"text-align: center;\"><span style=\"color: #000000;\">Member of CICC, License # R535729<\/span><\/p>\n<p style=\"text-align: center;\"><span style=\"color: #000000;\">Th\u00e0nh vi\u00ean CAPIC, \u0111\u0103ng k\u00ed s\u1ed1 R19783<\/span><\/p>\n<p style=\"text-align: center;\"><span style=\"color: #000000;\">C\u00f4ng ch\u1ee9ng vi\u00ean tuy\u00ean th\u1ec7 t\u1ec9nh Alberta, s\u1ed1 ch\u1ec9 \u0111\u1ecbnh 0761041<\/span><\/p>\n\t\t\n<style>\n#text-1861302307 {\n  font-size: 1rem;\n  line-height: 0.75;\n  color: rgb(0,0,0);\n}\n#text-1861302307 > * {\n  color: rgb(0,0,0);\n}\n<\/style>\n\t<\/div>\n\t\n\t<div id=\"text-990479409\" class=\"text\">\n\t\t\n\n<p><span style=\"color: #0000ff; font-size: 120%;\">X\u00e1c minh t\u01b0 c\u00e1ch ho\u1ea1t \u0111\u1ed9ng c\u1ee7a C\u1ed1 V\u1ea5n Di Tr\u00fa <strong><a href=\"https:\/\/college-ic.ca\/protecting-the-public\/find-an-immigration-consultant\" target=\"_blank\" rel=\"noopener\">T\u1ea0I \u0110\u00c2Y<\/a><\/strong><\/span><\/p>\n<p>&nbsp;<\/p>\n<p>&nbsp;<\/p>\n<p><span style=\"font-size: 130%; color: #ff0000;\"><strong>H\u00e3y b\u1ea3o v\u1ec7 m\u00ecnh b\u1eb1ng c\u00e1ch ch\u1ec9 d\u00f9ng nh\u1eefng \u0111\u1ea1i di\u1ec7n di tr\u00fa c\u00f3 gi\u1ea5y ph\u00e9p:<\/strong><\/span><\/p>\n\t\t\n<style>\n#text-990479409 {\n  font-size: 1.3rem;\n  line-height: 1.25;\n  text-align: left;\n  color: rgb(0, 0, 0);\n}\n#text-990479409 > * {\n  color: rgb(0, 0, 0);\n}\n<\/style>\n\t<\/div>\n\t\n\n\t\t<\/div>\n\t\t\t<\/div>\n\n\t\n\n\t<div id=\"col-345405376\" class=\"col div-no-padding medium-6 small-12 large-6\"  >\n\t\t<div class=\"col-inner\"  >\n\t\t\t\n\t\t\t\n\n\t<div id=\"text-1459145301\" class=\"text\">\n\t\t\n\n<p><span style=\"color: #000000;\"><em>Vinmax Immigration \u0111\u01b0\u1ee3c s\u00e1ng l\u1eadp b\u1edfi Amy Nguyen. C\u00f4 l\u00e0 C\u1ed1 V\u1ea5n Di Tr\u00fa (RCIC-IRB), th\u00e0nh vi\u00ean c\u00f3 \u0111\u0103ng k\u00ed v\u00e0 c\u00f3 gi\u1ea5y ph\u00e9p ho\u1ea1t \u0111\u1ed9ng c\u1ee7a H\u1ed9i \u0110\u1ed3ng C\u1ed1 V\u1ea5n Di Tr\u00fa v\u00e0 Qu\u1ed1c T\u1ecbch Canada (CICC), l\u00e0 C\u00f4ng ch\u1ee9ng vi\u00ean tuy\u00ean th\u1ec7 c\u1ee7a t\u1ec9nh bang Alberta, v\u00e0 l\u00e0 th\u00e0nh vi\u00ean c\u1ee7a Hi\u1ec7p H\u1ed9i C\u1ed1 V\u1ea5n Vi\u00ean Di Tr\u00fa Chuy\u00ean Nghi\u1ec7p Canada (CAPIC).<\/em><\/span><\/p>\n<p><span style=\"color: #000000;\"><em>Ch\u00fang t\u00f4i hi\u1ec3u r\u1eb1ng trong khi Canada l\u00e0 m\u1ed9t trong nh\u1eefng \u0111i\u1ec3m \u0111\u1ebfn \u0111\u1ecbnh c\u01b0 h\u1ea5p d\u1eabn nh\u1ea5t th\u1ebf gi\u1edbi v\u1edbi r\u1ea5t nhi\u1ec1u c\u00e1c ch\u01b0\u01a1ng tr\u00ecnh \u0111\u00f3n nh\u1eadn ng\u01b0\u1eddi nh\u1eadp c\u01b0, quy tr\u00ecnh chu\u1ea9n b\u1ecb v\u00e0 n\u1ed9p h\u1ed3 s\u01a1 th\u01b0\u1eddng ph\u1ee9c t\u1ea1p v\u00e0 r\u1ea5t m\u1ea5t th\u1eddi gian. Do v\u1eady, Vinmax Immigration \u0111\u01b0\u1ee3c th\u00e0nh l\u1eadp v\u1edbi m\u1ee5c ti\u00eau v\u00e0 mong mu\u1ed1n cung c\u1ea5p th\u00f4ng tin cho b\u1ea1n v\u1ec1 nh\u1eefng l\u1ed9 tr\u00ecnh ph\u00f9 h\u1ee3p, kh\u1ea3 thi nh\u1ea5t, c\u00f9ng nh\u1eefng h\u1ed7 tr\u1ee3 to\u00e0n di\u1ec7n trong t\u1eebng ph\u1ea7n h\u1ed3 s\u01a1 \u0111\u1ec3 b\u1ea1n \u0111\u1ea1t \u0111\u01b0\u1ee3c m\u1ee5c ti\u00eau v\u1ec1 th\u1ecb th\u1ef1c Canada c\u1ee7a m\u00ecnh.<\/em><\/span><\/p>\n<p><span style=\"color: #000000;\"><em>Ch\u00fang t\u00f4i ti\u1ebfn h\u00e0nh x\u00e2y d\u1ef1ng h\u1ed3 s\u01a1 c\u1ee7a b\u1ea1n m\u1ed9t c\u00e1ch c\u1ea9n th\u1eadn, k\u1ef9 l\u01b0\u1ee1ng v\u00e0 th\u1ef1c hi\u1ec7n c\u00e1c x\u1eed l\u00fd c\u1ea7n thi\u1ebft trong khu\u00f4n kh\u1ed5 c\u1ee7a lu\u1eadt Di tr\u00fa Canada v\u00e0 Quy t\u1eafc ngh\u1ec1 nghi\u1ec7p c\u1ee7a c\u01a1 quan qu\u1ea3n l\u00ed CICC \u0111\u1ec3 mang l\u1ea1i k\u1ebft qu\u1ea3 cao nh\u1ea5t cho h\u1ed3 s\u01a1 c\u1ee7a b\u1ea1n. Ch\u00fang t\u00f4i c\u0169ng \u0111\u1ea1i di\u1ec7n b\u1ea1n tr\u01b0\u1edbc c\u00e1c c\u1ea5p th\u1ea9m quy\u1ec1n Di tr\u00fa Canada \u0111\u1ec3 tr\u1ea3 l\u1eddi, ph\u1ea3n h\u1ed3i c\u00e1c th\u01b0 t\u1eeb, y\u00eau c\u1ea7u hay c\u00e1c c\u00e2u h\u1ecfi c\u1ee7a h\u1ecd trong qu\u00e1 tr\u00ecnh h\u1ecd x\u1eed l\u00fd h\u1ed3 s\u01a1 c\u1ee7a b\u1ea1n. B\u1ea1n c\u00f3 th\u1ec3 y\u00ean t\u00e2m lo cu\u1ed9c s\u1ed1ng v\u00e0 c\u00f4ng vi\u1ec7c c\u1ee7a ri\u00eang m\u00ecnh trong khi ch\u1edd \u0111\u1ee3i k\u1ebft qu\u1ea3 h\u1ed3 s\u01a1.<\/em><\/span><\/p>\n\t\t\n<style>\n#text-1459145301 {\n  color: rgb(0,0,0);\n}\n#text-1459145301 > * {\n  color: rgb(0,0,0);\n}\n<\/style>\n\t<\/div>\n\t\n<div class=\"row\"  id=\"row-1832002949\">\n\n\n\t<div id=\"col-865828806\" class=\"col medium-8 small-12 large-8\"  >\n\t\t<div class=\"col-inner\"  >\n\t\t\t\n\t\t\t\n\n\t<div class=\"img has-hover x md-x lg-x y md-y lg-y\" id=\"image_1838511092\">\n\t\t\t\t\t\t\t\t<div class=\"img-inner dark\" >\n\t\t\t<img loading=\"lazy\" decoding=\"async\" width=\"1020\" height=\"492\" src=\"https:\/\/vinmax-immigration.com\/wp-content\/uploads\/2022\/04\/RCIC_EN_HORZ_CLR_POS_TM-CMYK-1400x675.jpg\" class=\"attachment-large size-large\" alt=\"\" srcset=\"https:\/\/vinmax-immigration.com\/wp-content\/uploads\/2022\/04\/RCIC_EN_HORZ_CLR_POS_TM-CMYK-1400x675.jpg 1400w, https:\/\/vinmax-immigration.com\/wp-content\/uploads\/2022\/04\/RCIC_EN_HORZ_CLR_POS_TM-CMYK-800x386.jpg 800w, https:\/\/vinmax-immigration.com\/wp-content\/uploads\/2022\/04\/RCIC_EN_HORZ_CLR_POS_TM-CMYK-768x370.jpg 768w, https:\/\/vinmax-immigration.com\/wp-content\/uploads\/2022\/04\/RCIC_EN_HORZ_CLR_POS_TM-CMYK-1536x741.jpg 1536w, https:\/\/vinmax-immigration.com\/wp-content\/uploads\/2022\/04\/RCIC_EN_HORZ_CLR_POS_TM-CMYK-2048x988.jpg 2048w, https:\/\/vinmax-immigration.com\/wp-content\/uploads\/2022\/04\/RCIC_EN_HORZ_CLR_POS_TM-CMYK-18x9.jpg 18w\" sizes=\"(max-width: 1020px) 100vw, 1020px\" \/>\t\t\t\t\t\t\n\t\t\t\t\t<\/div>\n\t\t\t\t\t\t\t\t\n<style>\n#image_1838511092 {\n  width: 100%;\n}\n<\/style>\n\t<\/div>\n\t\n\n\n\t\t<\/div>\n\t\t\t<\/div>\n\n\t\n\n\t<div id=\"col-2007583911\" class=\"col medium-4 small-12 large-4\"  >\n\t\t<div class=\"col-inner\"  >\n\t\t\t\n\t\t\t\n\n\t<div class=\"img has-hover x md-x lg-x y md-y lg-y\" id=\"image_1353692030\">\n\t\t\t\t\t\t\t\t<div class=\"img-inner box-shadow-1 dark\" >\n\t\t\t<img loading=\"lazy\" decoding=\"async\" width=\"123\" height=\"123\" src=\"https:\/\/vinmax-immigration.com\/wp-content\/uploads\/2021\/07\/CAPIC-ACCPI-Logo-1.jpeg\" class=\"attachment-large size-large\" alt=\"\" srcset=\"https:\/\/vinmax-immigration.com\/wp-content\/uploads\/2021\/07\/CAPIC-ACCPI-Logo-1.jpeg 123w, https:\/\/vinmax-immigration.com\/wp-content\/uploads\/2021\/07\/CAPIC-ACCPI-Logo-1-100x100.jpeg 100w\" sizes=\"(max-width: 123px) 100vw, 123px\" \/>\t\t\t\t\t\t\n\t\t\t\t\t<\/div>\n\t\t\t\t\t\t\t\t\n<style>\n#image_1353692030 {\n  width: 100%;\n}\n<\/style>\n\t<\/div>\n\t\n\n\n\t\t<\/div>\n\t\t\t<\/div>\n\n\t\n\n<\/div>\n\n\t\t<\/div>\n\t\t\t<\/div>\n\n\t\n\n<\/div>\n<div class=\"row\"  id=\"row-1673812078\">\n\n\n\t<div id=\"col-794210137\" class=\"col medium-4 small-12 large-4\"  >\n\t\t<div class=\"col-inner\"  >\n\t\t\t\n\t\t\t\n\n\n\t\t<\/div>\n\t\t\t<\/div>\n\n\t\n\n\t<div id=\"col-1830877130\" class=\"col medium-4 small-12 large-4\"  >\n\t\t<div class=\"col-inner\"  >\n\t\t\t\n\t\t\t\n\n<div class=\"video video-fit mb\" style=\"padding-top:56.25%;\"><iframe loading=\"lazy\" title=\"Don&#039;t be a victim of a disappearing act: Choose your immigration representative carefully\" width=\"1020\" height=\"574\" src=\"https:\/\/www.youtube.com\/embed\/TviXiHd152o?feature=oembed\" frameborder=\"0\" allow=\"accelerometer; autoplay; clipboard-write; encrypted-media; gyroscope; picture-in-picture\" allowfullscreen><\/iframe><\/div>\n\n\n\t\t<\/div>\n\t\t\t<\/div>\n\n\t\n\n\t<div id=\"col-2106071830\" class=\"col medium-4 small-12 large-4\"  >\n\t\t<div class=\"col-inner\"  >\n\t\t\t\n\t\t\t\n\n\n\t\t<\/div>\n\t\t\t<\/div>\n\n\t\n\n<\/div>\n<div class=\"row\"  id=\"row-288777955\">\n\n\n\t<div id=\"col-59727218\" class=\"col medium-4 small-12 large-4\"  >\n\t\t<div class=\"col-inner\"  >\n\t\t\t\n\t\t\t\n\n\n\t\t<\/div>\n\t\t\t<\/div>\n\n\t\n\n\t<div id=\"col-656111711\" class=\"col medium-4 small-12 large-4\"  >\n\t\t<div class=\"col-inner\"  >\n\t\t\t\n\t\t\t\n\n\n\t\t<\/div>\n\t\t\t<\/div>\n\n\t\n\n\t<div id=\"col-609512415\" class=\"col medium-4 small-12 large-4\"  >\n\t\t<div class=\"col-inner\"  >\n\t\t\t\n\t\t\t\n\n\n\t\t<\/div>\n\t\t\t<\/div>\n\n\t\n\n<\/div>\n\n\t\t<\/div>\n\n\t\t\n<style>\n#section_2041972878 {\n  padding-top: 30px;\n  padding-bottom: 30px;\n}\n<\/style>\n\t<\/section>","protected":false},"excerpt":{"rendered":"","protected":false},"author":1,"featured_media":0,"parent":0,"menu_order":0,"comment_status":"closed","ping_status":"closed","template":"page-blank.php","meta":{"footnotes":""},"_links":{"self":[{"href":"https:\/\/vinmax-immigration.com\/vi\/wp-json\/wp\/v2\/pages\/556"}],"collection":[{"href":"https:\/\/vinmax-immigration.com\/vi\/wp-json\/wp\/v2\/pages"}],"about":[{"href":"https:\/\/vinmax-immigration.com\/vi\/wp-json\/wp\/v2\/types\/page"}],"author":[{"embeddable":true,"href":"https:\/\/vinmax-immigration.com\/vi\/wp-json\/wp\/v2\/users\/1"}],"replies":[{"embeddable":true,"href":"https:\/\/vinmax-immigration.com\/vi\/wp-json\/wp\/v2\/comments?post=556"}],"version-history":[{"count":35,"href":"https:\/\/vinmax-immigration.com\/vi\/wp-json\/wp\/v2\/pages\/556\/revisions"}],"predecessor-version":[{"id":1326,"href":"https:\/\/vinmax-immigration.com\/vi\/wp-json\/wp\/v2\/pages\/556\/revisions\/1326"}],"wp:attachment":[{"href":"https:\/\/vinmax-immigration.com\/vi\/wp-json\/wp\/v2\/media?parent=556"}],"curies":[{"name":"wp","href":"https:\/\/api.w.org\/{rel}","templated":true}]}}