{"id":1216,"date":"2021-08-10T00:37:43","date_gmt":"2021-08-10T00:37:43","guid":{"rendered":"http:\/\/vinmax-immigration.com\/?page_id=1216"},"modified":"2022-06-22T18:52:16","modified_gmt":"2022-06-22T18:52:16","slug":"our-service-fees","status":"publish","type":"page","link":"https:\/\/vinmax-immigration.com\/vi\/our-service-fees\/","title":{"rendered":"B\u1ea2NG PH\u00cd"},"content":{"rendered":"<section class=\"section\" id=\"section_2065450435\">\n\t\t<div class=\"bg section-bg fill bg-fill  bg-loaded\" >\n\n\t\t\t\n\t\t\t\n\t\t\t\n\n\t\t<\/div>\n\n\t\t<div class=\"section-content relative\">\n\t\t\t\n\n<p style=\"text-align: center;\"><span style=\"font-size: 150%; color: #0000ff;\"><strong>PH\u00cd D\u1ecaCH V\u1ee4<\/strong><\/span><\/p>\n<div class=\"row\" style=\"max-width:\" id=\"row-1482429610\">\n\n\n\t<div id=\"col-1893781783\" class=\"col medium-6 small-12 large-6\"  >\n\t\t<div class=\"col-inner\"  >\n\t\t\t\n\t\t\t\n\n\n\t\t<\/div>\n\t\t\t<\/div>\n\n\t\n\n\t<div id=\"col-895804473\" class=\"col medium-6 small-12 large-6\"  >\n\t\t<div class=\"col-inner\"  >\n\t\t\t\n\t\t\t\n\n<div class=\"row\"  id=\"row-23732916\">\n\n\n<\/div>\n\n\t\t<\/div>\n\t\t\t<\/div>\n\n\t\n\n\n<style>\n#row-1482429610 > .col > .col-inner {\n  padding: 0px 0px 0px 0px;\n}\n<\/style>\n<\/div>\n\n\t\t<\/div>\n\n\t\t\n<style>\n#section_2065450435 {\n  padding-top: 30px;\n  padding-bottom: 30px;\n}\n<\/style>\n\t<\/section>\n\t\n<p><strong>Ph\u00ed l\u00e0m h\u1ed3 s\u01a1 bao g\u1ed3m:<\/strong><\/p>\n<ol>\n<li>Bu\u1ed5i h\u1ecdp t\u01b0 v\u1ea5n ban \u0111\u1ea7u \u0111\u1ec3 \u0111\u00e1nh gi\u00e1 kh\u1ea3 n\u0103ng c\u1ee7a b\u1ea1n v\u00e0 cung c\u1ea5p th\u00f4ng tin v\u1ec1 c\u00e1c ch\u01b0\u01a1ng tr\u00ecnh b\u1ea1n quan t\u00e2m;<\/li>\n<li>H\u01b0\u1edbng d\u1eabn v\u00e0 gi\u1ea3i th\u00edch c\u1ee5 th\u1ec3, chi ti\u1ebft \u0111\u1ec3 b\u1ea1n chu\u1ea9n b\u1ecb c\u00e1c gi\u1ea5y t\u1edd c\u1ea7n thi\u1ebft cho h\u1ed3 s\u01a1;<\/li>\n<li>Ho\u00e0n th\u00e0nh c\u00e1c m\u1eabu \u0111\u01a1n theo y\u00eau c\u1ea7u h\u1ed3 s\u01a1;<\/li>\n<li>Th\u1ea3o n\u1ed9i dung c\u00e1c th\u01b0 t\u1eeb, gi\u1ea5y t\u1edd c\u1ea7n thi\u1ebft cho h\u1ed3 s\u01a1;<\/li>\n<li>C\u00f4ng ch\u1ee9ng tuy\u00ean th\u1ec7 cho kh\u00e1ch h\u00e0ng v\u1ec1 l\u1eddi khai t\u1ea1i Alberta;<\/li>\n<li>Th\u01b0 gi\u1ea3i tr\u00ecnh k\u00e8m trong h\u1ed3 s\u01a1 \u0111\u1ec3 tr\u00ecnh b\u00e0y, gi\u1ea3i th\u00edch v\u00e0 thuy\u1ebft ph\u1ee5c ng\u01b0\u1eddi x\u00e9t h\u1ed3 s\u01a1 r\u1eb1ng b\u1ea1n \u0111\u1ea1t c\u00e1c ti\u00eau chu\u1ea9n y\u00eau c\u1ea7u;<\/li>\n<li>\u0110\u1ea1i di\u1ec7n cho b\u1ea1n n\u1ed9p h\u1ed3 s\u01a1 v\u00e0 giao ti\u1ebfp v\u1edbi B\u1ed9 Di tr\u00fa Canada khi h\u1ecd li\u00ean l\u1ea1c trong qu\u00e1 tr\u00ecnh x\u00e9t duy\u1ec7t h\u1ed3 s\u01a1 c\u1ee7a b\u1ea1n;<\/li>\n<li>Ph\u00ed b\u01b0u \u0111i\u1ec7n khi n\u1ed9p h\u1ed3 s\u01a1 gi\u1ea5y cho B\u1ed9 Di tr\u00fa;<\/li>\n<li>Ph\u1ea3n h\u1ed3i c\u00e1c th\u1eafc m\u1eafc, c\u00e2u h\u1ecfi c\u1ee7a b\u1ea1n, th\u00f4ng b\u00e1o c\u1eadp nh\u1eadt t\u00ecnh h\u00ecnh h\u1ed3 s\u01a1 cho b\u1ea1n nhanh ch\u00f3ng, k\u1ecbp th\u1eddi.<\/li>\n<\/ol>\n<p><strong>Xin l\u01b0u \u00fd:<\/strong><\/p>\n<ul>\n<li>Sau khi \u0111\u00e1nh gi\u00e1 \u0111\u1ea7y \u0111\u1ee7 v\u00e0 to\u00e0n di\u1ec7n v\u1ec1 tr\u01b0\u1eddng h\u1ee3p c\u1ee7a b\u1ea1n, ch\u00fang t\u00f4i s\u1ebd b\u00e1o chi ph\u00ed \u0111\u1ec3 l\u00e0m h\u1ed3 s\u01a1 cho b\u1ea1n.<\/li>\n<li>Ngo\u00e0i ra c\u00f2n c\u00f3 c\u00e1c ph\u00ed kh\u00e1c, v\u00ed d\u1ee5 nh\u01b0 ph\u00ed x\u00e9t duy\u1ec7t c\u1ee7a ch\u00ednh ph\u1ee7, ph\u00ed v\u00e2n tay, kh\u00e1m s\u1ee9c kh\u1ecfe, d\u1ecbch thu\u1eadt c\u00f4ng ch\u1ee9ng, g\u1eedi b\u01b0u \u0111i\u1ec7n.<\/li>\n<li>Thu\u1ebf t\u1ec9nh bang s\u1ebd \u0111\u01b0\u1ee3c \u00e1p v\u1edbi kh\u00e1ch h\u00e0ng trong Canada.<\/li>\n<\/ul>","protected":false},"excerpt":{"rendered":"","protected":false},"author":1,"featured_media":0,"parent":0,"menu_order":0,"comment_status":"closed","ping_status":"closed","template":"","meta":{"footnotes":""},"_links":{"self":[{"href":"https:\/\/vinmax-immigration.com\/vi\/wp-json\/wp\/v2\/pages\/1216"}],"collection":[{"href":"https:\/\/vinmax-immigration.com\/vi\/wp-json\/wp\/v2\/pages"}],"about":[{"href":"https:\/\/vinmax-immigration.com\/vi\/wp-json\/wp\/v2\/types\/page"}],"author":[{"embeddable":true,"href":"https:\/\/vinmax-immigration.com\/vi\/wp-json\/wp\/v2\/users\/1"}],"replies":[{"embeddable":true,"href":"https:\/\/vinmax-immigration.com\/vi\/wp-json\/wp\/v2\/comments?post=1216"}],"version-history":[{"count":22,"href":"https:\/\/vinmax-immigration.com\/vi\/wp-json\/wp\/v2\/pages\/1216\/revisions"}],"predecessor-version":[{"id":1310,"href":"https:\/\/vinmax-immigration.com\/vi\/wp-json\/wp\/v2\/pages\/1216\/revisions\/1310"}],"wp:attachment":[{"href":"https:\/\/vinmax-immigration.com\/vi\/wp-json\/wp\/v2\/media?parent=1216"}],"curies":[{"name":"wp","href":"https:\/\/api.w.org\/{rel}","templated":true}]}}