{"id":1072,"date":"2021-08-07T05:56:58","date_gmt":"2021-08-07T05:56:58","guid":{"rendered":"http:\/\/vinmax-immigration.com\/?page_id=1072"},"modified":"2021-08-10T01:28:52","modified_gmt":"2021-08-10T01:28:52","slug":"additional-services","status":"publish","type":"page","link":"https:\/\/vinmax-immigration.com\/vi\/additional-services\/","title":{"rendered":"D\u1ecaCH V\u1ee4 KH\u00c1C"},"content":{"rendered":"<section class=\"section\" id=\"section_1658094035\">\n\t\t<div class=\"bg section-bg fill bg-fill  bg-loaded\" >\n\n\t\t\t\n\t\t\t\n\t\t\t\n\n\t\t<\/div>\n\n\t\t<div class=\"section-content relative\">\n\t\t\t\n\t<div id=\"text-1797249074\" class=\"text\">\n\t\t\n<p><strong><span style=\"font-size: 120%; color: #0000ff;\">D\u1ecaCH V\u1ee4 KH\u00c1C<\/span><\/strong><br \/>\n\t\t\n<style>\n#text-1797249074 {\n  text-align: center;\n}\n<\/style>\n\t<\/div>\n\t\n<div class=\"row\"  id=\"row-421138368\">\n\n\t<div id=\"col-728773745\" class=\"col medium-6 small-12 large-6\"  >\n\t\t<div class=\"col-inner\"  >\n\t\t\t\n\t\t\t\n\t<div class=\"img has-hover x md-x lg-x y md-y lg-y\" id=\"image_992228428\">\n\t\t\t\t\t\t\t\t<div class=\"img-inner dark\" >\n\t\t\t<img loading=\"lazy\" decoding=\"async\" width=\"513\" height=\"396\" src=\"https:\/\/vinmax-immigration.com\/wp-content\/uploads\/2021\/08\/Citizenship-pic.jpg\" class=\"attachment-large size-large\" alt=\"\" srcset=\"https:\/\/vinmax-immigration.com\/wp-content\/uploads\/2021\/08\/Citizenship-pic.jpg 513w, https:\/\/vinmax-immigration.com\/wp-content\/uploads\/2021\/08\/Citizenship-pic-16x12.jpg 16w\" sizes=\"(max-width: 513px) 100vw, 513px\" \/>\t\t\t\t\t\t\n\t\t\t\t\t<\/div>\n\t\t\t\t\t\t\t\t\n<style>\n#image_992228428 {\n  width: 100%;\n}\n<\/style>\n\t<\/div>\n\t\n\t\t<\/div>\n\t\t\t<\/div>\n\n\t\n\n\t<div id=\"col-1783193589\" class=\"col medium-6 small-12 large-6\"  >\n\t\t<div class=\"col-inner\"  >\n\t\t\t\n\t\t\t\n<p><span style=\"font-size: 115%;\"><strong><span style=\"color: #282828;\">XIN QU\u1ed0C T\u1ecaCH CANADA<\/span><\/strong><\/span><\/p>\n<p><em>\u0110\u00e2y l\u00e0 kh\u00e2u cu\u1ed1i c\u00f9ng trong h\u00e0nh tr\u00ecnh \u0111\u1ecbnh c\u01b0 Canada c\u1ee7a b\u1ea1n. C\u00e1c \u0111i\u1ec1u ki\u1ec7n c\u01a1 b\u1ea3n \u0111\u1ec3 xin qu\u1ed1c t\u1ecbch Canada l\u00e0:<\/em><\/p>\n<ul>\n<li><strong><em>\u0110ang l\u00e0 th\u01b0\u1eddng tr\u00fa nh\u00e2n Canada<\/em><\/strong><\/li>\n<li><strong><em>\u0110\u00e3 s\u1ed1ng \u1edf Canada \u0111\u01b0\u1ee3c \u00edt nh\u1ea5t 3 n\u0103m trong v\u00f2ng 5 n\u0103m tr\u1edf l\u1ea1i \u0111\u00e2y (1.095 ng\u00e0y)<\/em><\/strong><\/li>\n<li><strong><em>\u0110\u1ea1t y\u00eau c\u1ea7u ti\u1ebfng Anh ho\u1eb7c Ph\u00e1p<\/em><\/strong><\/li>\n<li><strong><em>\u0110\u1ed7 k\u00ec thi qu\u1ed1c t\u1ecbch<\/em><\/strong><\/li>\n<\/ul>\n\t\t<\/div>\n\t\t\t<\/div>\n\n\t\n<\/div>\n<div class=\"row\"  id=\"row-1929856005\">\n\n\t<div id=\"col-1609582640\" class=\"col medium-6 small-12 large-6\"  >\n\t\t<div class=\"col-inner\"  >\n\t\t\t\n\t\t\t\n\t<div class=\"img has-hover x md-x lg-x y md-y lg-y\" id=\"image_1707820371\">\n\t\t\t\t\t\t\t\t<div class=\"img-inner dark\" >\n\t\t\t<img loading=\"lazy\" decoding=\"async\" width=\"407\" height=\"308\" src=\"https:\/\/vinmax-immigration.com\/wp-content\/uploads\/2021\/08\/Permanent-Resident-card-pic.jpg\" class=\"attachment-large size-large\" alt=\"\" srcset=\"https:\/\/vinmax-immigration.com\/wp-content\/uploads\/2021\/08\/Permanent-Resident-card-pic.jpg 407w, https:\/\/vinmax-immigration.com\/wp-content\/uploads\/2021\/08\/Permanent-Resident-card-pic-16x12.jpg 16w\" sizes=\"(max-width: 407px) 100vw, 407px\" \/>\t\t\t\t\t\t\n\t\t\t\t\t<\/div>\n\t\t\t\t\t\t\t\t\n<style>\n#image_1707820371 {\n  width: 100%;\n}\n<\/style>\n\t<\/div>\n\t\n\t\t<\/div>\n\t\t\t<\/div>\n\n\t\n\n\t<div id=\"col-25233946\" class=\"col medium-6 small-12 large-6\"  >\n\t\t<div class=\"col-inner\"  >\n\t\t\t\n\t\t\t\n<p><span style=\"font-size: 115%;\"><strong><span style=\"color: #282828;\">XIN TH\u1eba TH\u01af\u1edcNG TR\u00da NH\u00c2N CANADA<\/span><\/strong><\/span><\/p>\n<p><em>B\u1ea1n c\u1ea7n xin th\u1ebb th\u01b0\u1eddng tr\u00fa nh\u00e2n n\u1ebfu th\u1ebb hi\u1ec7n t\u1ea1i s\u1eafp h\u1ebft h\u1ea1n ho\u1eb7c b\u1ea1n b\u1ecb m\u1ea5t th\u1ebb. Th\u1eddi gian x\u1eed l\u00fd h\u1ed3 s\u01a1 n\u00e0y l\u00e0 6-8 th\u00e1ng.<\/em><\/p>\n\t\t<\/div>\n\t\t\t<\/div>\n\n\t\n<\/div>\n<div class=\"row\"  id=\"row-1738828013\">\n\n\t<div id=\"col-743427958\" class=\"col medium-6 small-12 large-6\"  >\n\t\t<div class=\"col-inner\"  >\n\t\t\t\n\t\t\t\n\t<div class=\"img has-hover x md-x lg-x y md-y lg-y\" id=\"image_143076964\">\n\t\t\t\t\t\t\t\t<div class=\"img-inner dark\" >\n\t\t\t<img loading=\"lazy\" decoding=\"async\" width=\"1020\" height=\"681\" src=\"https:\/\/vinmax-immigration.com\/wp-content\/uploads\/2021\/07\/856c3aa2ca3a3e64672b-1-1199x800.jpg\" class=\"attachment-large size-large\" alt=\"\" srcset=\"https:\/\/vinmax-immigration.com\/wp-content\/uploads\/2021\/07\/856c3aa2ca3a3e64672b-1-1199x800.jpg 1199w, https:\/\/vinmax-immigration.com\/wp-content\/uploads\/2021\/07\/856c3aa2ca3a3e64672b-1-600x400.jpg 600w, https:\/\/vinmax-immigration.com\/wp-content\/uploads\/2021\/07\/856c3aa2ca3a3e64672b-1-768x512.jpg 768w, https:\/\/vinmax-immigration.com\/wp-content\/uploads\/2021\/07\/856c3aa2ca3a3e64672b-1-1536x1025.jpg 1536w, https:\/\/vinmax-immigration.com\/wp-content\/uploads\/2021\/07\/856c3aa2ca3a3e64672b-1-16x12.jpg 16w, https:\/\/vinmax-immigration.com\/wp-content\/uploads\/2021\/07\/856c3aa2ca3a3e64672b-1.jpg 1793w\" sizes=\"(max-width: 1020px) 100vw, 1020px\" \/>\t\t\t\t\t\t\n\t\t\t\t\t<\/div>\n\t\t\t\t\t\t\t\t\n<style>\n#image_143076964 {\n  width: 100%;\n}\n<\/style>\n\t<\/div>\n\t\n\t\t<\/div>\n\t\t\t<\/div>\n\n\t\n\n\t<div id=\"col-1661678736\" class=\"col medium-6 small-12 large-6\"  >\n\t\t<div class=\"col-inner\"  >\n\t\t\t\n\t\t\t\n<p><span style=\"font-size: 115%;\"><strong>XIN GI\u1ea4Y TH\u00d4NG H\u00c0NH TH\u01af\u1edcNG TR\u00da NH\u00c2N<\/strong><\/span><\/p>\n<p><em>\u0110\u00e2y l\u00e0 gi\u1ea5y cho ph\u00e9p b\u1ea1n l\u00ean m\u00e1y bay v\u00e0 nh\u1eadp c\u1ea3nh l\u1ea1i Canada trong khi th\u1ebb th\u01b0\u1eddng tr\u00fa nh\u00e2n c\u1ee7a b\u1ea1n \u0111\u00e3 h\u1ebft h\u1ea1n ho\u1eb7c b\u1ecb m\u1ea5t. B\u1ea1n ph\u1ea3i ch\u1ee9ng minh \u0111\u01b0\u1ee3c l\u00e0 m\u00ecnh \u0111\u1ea1t y\u00eau c\u1ea7u v\u1ec1 th\u1eddi h\u1ea1n c\u01b0 tr\u00fa t\u1ea1i Canada.<\/em><\/p>\n\t\t<\/div>\n\t\t\t<\/div>\n\n\t\n<\/div>\n<div class=\"row\"  id=\"row-773939359\">\n\n\t<div id=\"col-119919450\" class=\"col medium-6 small-12 large-6\"  >\n\t\t<div class=\"col-inner\"  >\n\t\t\t\n\t\t\t\n\t<div class=\"img has-hover x md-x lg-x y md-y lg-y\" id=\"image_1858070213\">\n\t\t\t\t\t\t\t\t<div class=\"img-inner dark\" >\n\t\t\t<img loading=\"lazy\" decoding=\"async\" width=\"609\" height=\"512\" src=\"https:\/\/vinmax-immigration.com\/wp-content\/uploads\/2021\/07\/LMIA-pic.png\" class=\"attachment-large size-large\" alt=\"\" srcset=\"https:\/\/vinmax-immigration.com\/wp-content\/uploads\/2021\/07\/LMIA-pic.png 609w, https:\/\/vinmax-immigration.com\/wp-content\/uploads\/2021\/07\/LMIA-pic-476x400.png 476w, https:\/\/vinmax-immigration.com\/wp-content\/uploads\/2021\/07\/LMIA-pic-14x12.png 14w\" sizes=\"(max-width: 609px) 100vw, 609px\" \/>\t\t\t\t\t\t\n\t\t\t\t\t<\/div>\n\t\t\t\t\t\t\t\t\n<style>\n#image_1858070213 {\n  width: 100%;\n}\n<\/style>\n\t<\/div>\n\t\n\t\t<\/div>\n\t\t\t<\/div>\n\n\t\n\n\t<div id=\"col-1213011801\" class=\"col medium-6 small-12 large-6\"  >\n\t\t<div class=\"col-inner\"  >\n\t\t\t\n\t\t\t\n<p><strong><span style=\"font-size: 115%;\">LABOUR MARKET ASSESSMENT IMPACT<\/span><\/strong><\/p>\n<p><em>C\u00e1c doanh nghi\u1ec7p Canada kh\u00f4ng th\u1ec3 t\u00ecm \u0111\u01b0\u1ee3c ng\u01b0\u1eddi Canada ho\u1eb7c th\u01b0\u1eddng tr\u00fa nh\u00e2n ph\u00f9 h\u1ee3p s\u1ebd n\u1ed9p h\u1ed3 s\u01a1 \u0110\u00e1nh gi\u00e1 \u1ea2nh h\u01b0\u1edfng t\u1edbi Th\u1ecb tr\u01b0\u1eddng Nh\u00e2n s\u1ef1 (LMIA). N\u1ebfu \u0111\u00e1nh gi\u00e1 n\u00e0y t\u00edch c\u1ef1c th\u00ec doanh nghi\u1ec7p n\u1ed9p h\u1ed3 s\u01a1 s\u1ebd \u0111\u01b0\u1ee3c ph\u00e9p tuy\u1ec3n d\u1ee5ng ng\u01b0\u1eddi t\u1eeb n\u01b0\u1edbc ngo\u00e0i. Ng\u01b0\u1eddi \u0111\u01b0\u1ee3c tuy\u1ec3n s\u1ebd n\u1ed9p h\u00f4 s\u01a1 xin gi\u1ea5y ph\u00e9p \u0111i l\u00e0m work permit \u0111\u1ec3 c\u00f3 th\u1ec3 b\u1eaft \u0111\u1ea7u c\u00f4ng vi\u1ec7c t\u1ea1i Canada.<\/em><\/p>\n\t\t<\/div>\n\t\t\t<\/div>\n\n\t\n<\/div>\n\t\t<\/div>\n\n\t\t\n<style>\n#section_1658094035 {\n  padding-top: 30px;\n  padding-bottom: 30px;\n}\n<\/style>\n\t<\/section>","protected":false},"excerpt":{"rendered":"","protected":false},"author":1,"featured_media":0,"parent":0,"menu_order":0,"comment_status":"closed","ping_status":"closed","template":"","meta":{"footnotes":""},"_links":{"self":[{"href":"https:\/\/vinmax-immigration.com\/vi\/wp-json\/wp\/v2\/pages\/1072"}],"collection":[{"href":"https:\/\/vinmax-immigration.com\/vi\/wp-json\/wp\/v2\/pages"}],"about":[{"href":"https:\/\/vinmax-immigration.com\/vi\/wp-json\/wp\/v2\/types\/page"}],"author":[{"embeddable":true,"href":"https:\/\/vinmax-immigration.com\/vi\/wp-json\/wp\/v2\/users\/1"}],"replies":[{"embeddable":true,"href":"https:\/\/vinmax-immigration.com\/vi\/wp-json\/wp\/v2\/comments?post=1072"}],"version-history":[{"count":8,"href":"https:\/\/vinmax-immigration.com\/vi\/wp-json\/wp\/v2\/pages\/1072\/revisions"}],"predecessor-version":[{"id":1229,"href":"https:\/\/vinmax-immigration.com\/vi\/wp-json\/wp\/v2\/pages\/1072\/revisions\/1229"}],"wp:attachment":[{"href":"https:\/\/vinmax-immigration.com\/vi\/wp-json\/wp\/v2\/media?parent=1072"}],"curies":[{"name":"wp","href":"https:\/\/api.w.org\/{rel}","templated":true}]}}