{"id":1054,"date":"2021-08-07T05:21:03","date_gmt":"2021-08-07T05:21:03","guid":{"rendered":"http:\/\/vinmax-immigration.com\/?page_id=1054"},"modified":"2021-08-10T01:27:01","modified_gmt":"2021-08-10T01:27:01","slug":"permanent-residence","status":"publish","type":"page","link":"https:\/\/vinmax-immigration.com\/vi\/permanent-residence\/","title":{"rendered":"\u0110\u1ecaNH C\u01af"},"content":{"rendered":"<section class=\"section\" id=\"section_587046483\">\n\t\t<div class=\"bg section-bg fill bg-fill  bg-loaded\" >\n\n\t\t\t\n\t\t\t<div class=\"section-bg-overlay absolute fill\"><\/div>\n\t\t\t\n\n\t\t<\/div>\n\n\t\t<div class=\"section-content relative\">\n\t\t\t\n\t<div id=\"text-1151826512\" class=\"text\">\n\t\t\n<div class=\"title-row-title\" style=\"text-align: center;\"><span style=\"color: #0000ff;\"><strong><span style=\"font-size: 120%;\">\u0110\u1ecaNH C\u01af<\/span><\/strong><\/span><\/div>\n<div class=\"title-row-actions\" style=\"text-align: center;\"><\/div>\n\t\t\n<style>\n#text-1151826512 {\n  font-size: 1.25rem;\n  line-height: 1.5;\n}\n<\/style>\n\t<\/div>\n\t\n\t\t<\/div>\n\n\t\t\n<style>\n#section_587046483 {\n  padding-top: 30px;\n  padding-bottom: 30px;\n}\n#section_587046483 .section-bg-overlay {\n  background-color: rgba(255,255,255,.5);\n}\n<\/style>\n\t<\/section>\n\t\n\t<section class=\"section\" id=\"section_1375603388\">\n\t\t<div class=\"bg section-bg fill bg-fill  bg-loaded\" >\n\n\t\t\t\n\t\t\t\n\t\t\t\n\n\t\t<\/div>\n\n\t\t<div class=\"section-content relative\">\n\t\t\t\n<div class=\"row\"  id=\"row-834211607\">\n\n\t<div id=\"col-1597868558\" class=\"col medium-6 small-12 large-6\"  >\n\t\t<div class=\"col-inner\"  >\n\t\t\t\n\t\t\t\n\t<div class=\"img has-hover x md-x lg-x y md-y lg-y\" id=\"image_647975109\">\n\t\t\t\t\t\t\t\t<div class=\"img-inner dark\" >\n\t\t\t<img loading=\"lazy\" decoding=\"async\" width=\"901\" height=\"800\" src=\"https:\/\/vinmax-immigration.com\/wp-content\/uploads\/2021\/08\/p56-901x800.jpg\" class=\"attachment-large size-large\" alt=\"\" srcset=\"https:\/\/vinmax-immigration.com\/wp-content\/uploads\/2021\/08\/p56-901x800.jpg 901w, https:\/\/vinmax-immigration.com\/wp-content\/uploads\/2021\/08\/p56-450x400.jpg 450w, https:\/\/vinmax-immigration.com\/wp-content\/uploads\/2021\/08\/p56-768x682.jpg 768w, https:\/\/vinmax-immigration.com\/wp-content\/uploads\/2021\/08\/p56-1536x1364.jpg 1536w, https:\/\/vinmax-immigration.com\/wp-content\/uploads\/2021\/08\/p56-14x12.jpg 14w, https:\/\/vinmax-immigration.com\/wp-content\/uploads\/2021\/08\/p56.jpg 1589w\" sizes=\"(max-width: 901px) 100vw, 901px\" \/>\t\t\t\t\t\t\n\t\t\t\t\t<\/div>\n\t\t\t\t\t\t\t\t\n<style>\n#image_647975109 {\n  width: 100%;\n}\n<\/style>\n\t<\/div>\n\t\n\t\t<\/div>\n\t\t\t<\/div>\n\n\t\n\n\t<div id=\"col-38380504\" class=\"col medium-6 small-12 large-6\"  >\n\t\t<div class=\"col-inner\"  >\n\t\t\t\n\t\t\t\n<p><span style=\"font-size: 115%;\"><strong>EXPRESS ENTRY<\/strong><\/span><\/p>\n<p><em>Express Entry l\u00e0 m\u1ed9t h\u1ec7 th\u1ed1ng qu\u1ea3n l\u00fd h\u1ed3 s\u01a1 \u0111\u1ecbnh c\u01b0 cho ba ch\u01b0\u01a1ng tr\u00ecnh \u0111\u1ecbnh c\u01b0 d\u00e0nh cho nh\u1eefng ng\u01b0\u1eddi c\u00f3 k\u1ef9 n\u0103ng l\u00e0m vi\u1ec7c:<\/em><\/p>\n<p><strong><em>Federal Skill Worker\u00a0 \u00a0 Canadian Experience Class\u00a0 \u00a0 \u00a0Federal Skilled Trades<\/em><\/strong><\/p>\n<p><em>Khi \u0111\u1ea1t nh\u1eefng y\u00eau c\u1ea7u t\u1ed1i thi\u1ec3u c\u1ee7a h\u1ec7 th\u1ed1ng, b\u1ea1n s\u1ebd \u0111\u01b0\u1ee3c t\u1ea1o m\u1ed9t profile c\u1ee7a m\u00ecnh \u0111\u1ec3 tham gia v\u00e0o danh s\u00e1ch c\u00e1c \u1ee9ng vi\u00ean. H\u1ec7 th\u1ed1ng cho \u0111i\u1ec3m v\u1edbi t\u1eebng m\u1ee5c trong profile c\u1ee7a b\u1ea1n. C\u00e1c \u1ee9ng vi\u00ean s\u1ebd \u0111\u01b0\u1ee3c m\u1eddi n\u1ed9p h\u1ed3 s\u01a1 \u0111\u1ecbnh c\u01b0 theo th\u1ee9 t\u1ef1 t\u1eeb \u0111i\u1ec3m t\u1ed5ng cao nh\u1ea5t. \u0110i\u1ec3m chu\u1ea9n \u0111\u01b0\u1ee3c m\u1eddi n\u1ed9p s\u1ebd \u0111\u01b0\u1ee3c c\u00f4ng b\u1ed1 \u0111\u1ecbnh k\u1ef3.<\/em><\/p>\n<p><em>V\u1edbi th\u1eddi gian x\u1eed l\u00fd h\u1ed3 s\u01a1 l\u00e0 kho\u1ea3ng 6-8 th\u00e1ng, \u0111\u00e2y l\u00e0 l\u1ef1a ch\u1ecdn nhanh nh\u1ea5t v\u00e0 ti\u1ebft ki\u1ec7m nh\u1ea5t \u0111\u1ec3 \u0111\u1ecbnh c\u01b0 Canada.<\/em><\/p>\n\t\t<\/div>\n\t\t\t<\/div>\n\n\t\n<\/div>\n\t\t<\/div>\n\n\t\t\n<style>\n#section_1375603388 {\n  padding-top: 30px;\n  padding-bottom: 30px;\n}\n<\/style>\n\t<\/section>\n\t\n\t<section class=\"section\" id=\"section_2113886893\">\n\t\t<div class=\"bg section-bg fill bg-fill  bg-loaded\" >\n\n\t\t\t\n\t\t\t\n\t\t\t\n\n\t\t<\/div>\n\n\t\t<div class=\"section-content relative\">\n\t\t\t\n<div class=\"row\"  id=\"row-1403487304\">\n\n\t<div id=\"col-1217299347\" class=\"col medium-6 small-12 large-6\"  >\n\t\t<div class=\"col-inner\"  >\n\t\t\t\n\t\t\t\n\t<div class=\"img has-hover x md-x lg-x y md-y lg-y\" id=\"image_735248185\">\n\t\t\t\t\t\t\t\t<div class=\"img-inner dark\" >\n\t\t\t<img loading=\"lazy\" decoding=\"async\" width=\"1020\" height=\"681\" src=\"https:\/\/vinmax-immigration.com\/wp-content\/uploads\/2021\/08\/p18-1199x800.jpg\" class=\"attachment-large size-large\" alt=\"\" srcset=\"https:\/\/vinmax-immigration.com\/wp-content\/uploads\/2021\/08\/p18-1199x800.jpg 1199w, https:\/\/vinmax-immigration.com\/wp-content\/uploads\/2021\/08\/p18-599x400.jpg 599w, https:\/\/vinmax-immigration.com\/wp-content\/uploads\/2021\/08\/p18-768x513.jpg 768w, https:\/\/vinmax-immigration.com\/wp-content\/uploads\/2021\/08\/p18-1536x1025.jpg 1536w, https:\/\/vinmax-immigration.com\/wp-content\/uploads\/2021\/08\/p18-18x12.jpg 18w, https:\/\/vinmax-immigration.com\/wp-content\/uploads\/2021\/08\/p18.jpg 1840w\" sizes=\"(max-width: 1020px) 100vw, 1020px\" \/>\t\t\t\t\t\t\n\t\t\t\t\t<\/div>\n\t\t\t\t\t\t\t\t\n<style>\n#image_735248185 {\n  width: 100%;\n}\n<\/style>\n\t<\/div>\n\t\n\t\t<\/div>\n\t\t\t<\/div>\n\n\t\n\n\t<div id=\"col-774316228\" class=\"col medium-6 small-12 large-6\"  >\n\t\t<div class=\"col-inner\"  >\n\t\t\t\n\t\t\t\n<p><span style=\"font-size: 115%;\"><strong>\u0110\u1ec0 C\u1eec T\u1ec8NH BANG<\/strong><\/span><\/p>\n<p><em>C\u00e1c t\u1ec9nh bang v\u00e0 l\u00e3nh th\u1ed5 \u1edf Canada \u0111\u01b0\u1ee3c ch\u1ecdn ri\u00eang c\u00e1c \u1ee9ng vi\u00ean \u0111\u1ecbnh c\u01b0 cho m\u00ecnh. Nh\u1eefng \u1ee9ng vi\u00ean n\u00e0y c\u00f3 c\u00e1c k\u1ef9 n\u0103ng chuy\u00ean m\u00f4n, h\u1ecdc v\u1ea5n v\u00e0 kinh nghi\u1ec7m l\u00e0m vi\u1ec7c ph\u00f9 h\u1ee3p v\u1edbi s\u1ef1 ph\u00e1t tri\u1ec3n kinh t\u1ebf t\u1ea1i t\u1ec9nh bang \u0111\u00f3. M\u1ed7i m\u1ed9t ch\u01b0\u01a1ng tr\u00ecnh c\u1ee7a m\u1ed7i t\u1ec9nh bang c\u00f3 c\u00e1c y\u00eau c\u1ea7u ri\u00eang m\u00e0 \u1ee9ng vi\u00ean ph\u1ea3i \u0111\u1ea1t \u0111\u01b0\u1ee3c.<\/em><\/p>\n<p><em>C\u00e1c t\u1ec9nh bang ch\u1ecdn \u1ee9ng vi\u00ean tr\u1ef1c ti\u1ebfp th\u00f4ng qua c\u00e1c ch\u01b0\u01a1ng tr\u00ecnh c\u1ee7a m\u00ecnh hay ch\u1ecdn th\u00f4ng qua h\u1ec7 th\u1ed1ng Express Entry. \u1ee8ng vi\u00ean \u0111\u01b0\u1ee3c duy\u1ec7t h\u1ed3 s\u01a1 s\u1ebd nh\u1eadn \u0111\u01b0\u1ee3c \u0111\u1ec1 c\u1eed t\u1ec9nh bang. \u1ee8ng vi\u00ean d\u00f9ng \u0111\u1ec1 c\u1eed t\u1ec9nh bang n\u00e0y \u0111\u1ec3 n\u1ed9p h\u1ed3 s\u01a1 \u0111\u1ecbnh c\u01b0 Canada.<\/em><\/p>\n\t\t<\/div>\n\t\t\t<\/div>\n\n\t\n<\/div>\n\t\t<\/div>\n\n\t\t\n<style>\n#section_2113886893 {\n  padding-top: 30px;\n  padding-bottom: 30px;\n}\n<\/style>\n\t<\/section>\n\t\n\t<section class=\"section\" id=\"section_395713619\">\n\t\t<div class=\"bg section-bg fill bg-fill  bg-loaded\" >\n\n\t\t\t\n\t\t\t\n\t\t\t\n\n\t\t<\/div>\n\n\t\t<div class=\"section-content relative\">\n\t\t\t\n<div class=\"row\"  id=\"row-2032345441\">\n\n\t<div id=\"col-43424711\" class=\"col medium-6 small-12 large-6\"  >\n\t\t<div class=\"col-inner\"  >\n\t\t\t\n\t\t\t\n\t<div class=\"img has-hover x md-x lg-x y md-y lg-y\" id=\"image_524077117\">\n\t\t\t\t\t\t\t\t<div class=\"img-inner dark\" >\n\t\t\t<img loading=\"lazy\" decoding=\"async\" width=\"1020\" height=\"680\" src=\"https:\/\/vinmax-immigration.com\/wp-content\/uploads\/2021\/08\/p50-1200x800.jpg\" class=\"attachment-large size-large\" alt=\"\" srcset=\"https:\/\/vinmax-immigration.com\/wp-content\/uploads\/2021\/08\/p50-1200x800.jpg 1200w, https:\/\/vinmax-immigration.com\/wp-content\/uploads\/2021\/08\/p50-600x400.jpg 600w, https:\/\/vinmax-immigration.com\/wp-content\/uploads\/2021\/08\/p50-768x512.jpg 768w, https:\/\/vinmax-immigration.com\/wp-content\/uploads\/2021\/08\/p50-1536x1024.jpg 1536w, https:\/\/vinmax-immigration.com\/wp-content\/uploads\/2021\/08\/p50-18x12.jpg 18w, https:\/\/vinmax-immigration.com\/wp-content\/uploads\/2021\/08\/p50.jpg 2048w\" sizes=\"(max-width: 1020px) 100vw, 1020px\" \/>\t\t\t\t\t\t\n\t\t\t\t\t<\/div>\n\t\t\t\t\t\t\t\t\n<style>\n#image_524077117 {\n  width: 100%;\n}\n<\/style>\n\t<\/div>\n\t\n\t\t<\/div>\n\t\t\t<\/div>\n\n\t\n\n\t<div id=\"col-519238212\" class=\"col medium-6 small-12 large-6\"  >\n\t\t<div class=\"col-inner\"  >\n\t\t\t\n\t\t\t\n<p><span style=\"font-size: 115%;\"><strong>B\u1ea2O L\u00c3NH GIA \u0110\u00ccNH<\/strong><\/span><\/p>\n<p><em>Ng\u01b0\u1eddi b\u1ea3o l\u00e3nh ph\u1ea3i \u00edt nh\u1ea5t 18 tu\u1ed5i v\u00e0 l\u00e0 c\u00f4ng d\u00e2n Canada ho\u1eb7c th\u01b0\u1eddng tr\u00fa nh\u00e2n Canada. Ng\u01b0\u1eddi \u0111\u01b0\u1ee3c b\u1ea3o l\u00e3nh bao g\u1ed3m:<\/em><\/p>\n<ul>\n<li><strong><em>V\u1ee3\/ch\u1ed3ng, ng\u01b0\u1eddi chung s\u1ed1ng ho\u1eb7c con ph\u1ee5 thu\u1ed9c<\/em><\/strong><\/li>\n<li><strong><em>Cha m\u1eb9, \u00f4ng b\u00e0<\/em><\/strong><\/li>\n<li><strong><em>H\u1ecd h\u00e0ng<\/em><\/strong><\/li>\n<li><strong><em>Con nu\u00f4i<\/em><\/strong><\/li>\n<\/ul>\n\t\t<\/div>\n\t\t\t<\/div>\n\n\t\n<\/div>\n\t\t<\/div>\n\n\t\t\n<style>\n#section_395713619 {\n  padding-top: 30px;\n  padding-bottom: 30px;\n}\n<\/style>\n\t<\/section>\n\t\n\t<section class=\"section\" id=\"section_26566881\">\n\t\t<div class=\"bg section-bg fill bg-fill  bg-loaded\" >\n\n\t\t\t\n\t\t\t\n\t\t\t\n\n\t\t<\/div>\n\n\t\t<div class=\"section-content relative\">\n\t\t\t\n<div class=\"row\"  id=\"row-401414241\">\n\n\t<div id=\"col-841371649\" class=\"col medium-6 small-12 large-6\"  >\n\t\t<div class=\"col-inner\"  >\n\t\t\t\n\t\t\t\n\t<div class=\"img has-hover x md-x lg-x y md-y lg-y\" id=\"image_1889390881\">\n\t\t\t\t\t\t\t\t<div class=\"img-inner image-cover dark\" style=\"padding-top:86%;\">\n\t\t\t<img loading=\"lazy\" decoding=\"async\" width=\"960\" height=\"641\" src=\"https:\/\/vinmax-immigration.com\/wp-content\/uploads\/2021\/08\/p37.jpg\" class=\"attachment-large size-large\" alt=\"\" srcset=\"https:\/\/vinmax-immigration.com\/wp-content\/uploads\/2021\/08\/p37.jpg 960w, https:\/\/vinmax-immigration.com\/wp-content\/uploads\/2021\/08\/p37-599x400.jpg 599w, https:\/\/vinmax-immigration.com\/wp-content\/uploads\/2021\/08\/p37-768x513.jpg 768w, https:\/\/vinmax-immigration.com\/wp-content\/uploads\/2021\/08\/p37-18x12.jpg 18w\" sizes=\"(max-width: 960px) 100vw, 960px\" \/>\t\t\t\t\t\t\n\t\t\t\t\t<\/div>\n\t\t\t\t\t\t\t\t\n<style>\n#image_1889390881 {\n  width: 100%;\n}\n<\/style>\n\t<\/div>\n\t\n\t\t<\/div>\n\t\t\t<\/div>\n\n\t\n\n\t<div id=\"col-2001784056\" class=\"col medium-6 small-12 large-6\"  >\n\t\t<div class=\"col-inner\"  >\n\t\t\t\n\t\t\t\n<p><span style=\"font-size: 115%;\"><strong>\u0110\u1ecaNH C\u01af DI\u1ec6N DOANH NH\u00c2N<\/strong><\/span><\/p>\n<p><em>C\u00e1c \u1ee9ng vi\u00ean c\u00f3 n\u1ec1n t\u1ea3ng doanh nh\u00e2n v\u1edbi kinh nghi\u1ec7m v\u00e0 v\u1ed1n \u0111\u1ea7u t\u01b0 c\u00f3 th\u1ec3 xem x\u00e9t c\u00e1c ch\u01b0\u01a1ng tr\u00ecnh \u0111\u1ecbnh c\u01b0 di\u1ec7n doanh nh\u00e2n theo h\u01b0\u1edbng li\u00ean bang ho\u1eb7c t\u1ec9nh bang.<\/em><\/p>\n<p><em><strong>Start-Up Visa<\/strong> Ch\u01b0\u01a1ng tr\u00ecnh Visa Kh\u1edfi nghi\u1ec7p l\u00e0 ch\u01b0\u01a1ng tr\u00ecnh \u0111\u1ecbnh c\u01b0 c\u1ea5p li\u00ean bang v\u1edbi nhi\u1ec1u l\u1ee3i th\u1ebf nh\u1ea5t hi\u1ec7n nay:<\/em><\/p>\n<ul>\n<li><em><strong>Kh\u00f4ng gi\u1edbi h\u1ea1n tu\u1ed5i t\u00e1c<\/strong><\/em><\/li>\n<li><em><strong>Y\u00eau c\u1ea7u ngo\u1ea1i ng\u1eef th\u1ea5p<\/strong><\/em><\/li>\n<li><em><strong>Th\u1eddi gian x\u1eed l\u00fd h\u1ed3 s\u01a1 ng\u1eafn nh\u1ea5t trong c\u00e1c ch\u01b0\u01a1ng tr\u00ecnh doanh nh\u00e2n<\/strong><\/em><\/li>\n<li><em><strong>T\u1ef1 do l\u1ef1a ch\u1ecdn t\u1ec9nh bang t\u1ea1i Canada mu\u1ed1n \u0111\u1ebfn \u0111\u1ecbnh c\u01b0<\/strong><\/em><\/li>\n<\/ul>\n<p><em>B\u1ea1n c\u0169ng c\u00f3 th\u1ec3 c\u00e2n nh\u1eafc <strong>c\u00e1c ch\u01b0\u01a1ng tr\u00ecnh doanh nh\u00e2n t\u1ec9nh bang<\/strong> v\u1edbi nh\u1eefng y\u00eau c\u1ea7u v\u00e0 khung th\u1eddi gian x\u1eed l\u00fd h\u1ed3 s\u01a1 kh\u00e1c nhau.<\/em><\/p>\n\t\t<\/div>\n\t\t\t<\/div>\n\n\t\n<\/div>\n\t\t<\/div>\n\n\t\t\n<style>\n#section_26566881 {\n  padding-top: 30px;\n  padding-bottom: 30px;\n}\n<\/style>\n\t<\/section>\n\t\n\t<section class=\"section\" id=\"section_1343795958\">\n\t\t<div class=\"bg section-bg fill bg-fill  bg-loaded\" >\n\n\t\t\t\n\t\t\t\n\t\t\t\n\n\t\t<\/div>\n\n\t\t<div class=\"section-content relative\">\n\t\t\t\n<div class=\"row\"  id=\"row-1015208793\">\n\n\t<div id=\"col-1716588407\" class=\"col medium-6 small-12 large-6\"  >\n\t\t<div class=\"col-inner\"  >\n\t\t\t\n\t\t\t\n\t<div class=\"img has-hover x md-x lg-x y md-y lg-y\" id=\"image_1626575581\">\n\t\t\t\t\t\t\t\t<div class=\"img-inner dark\" >\n\t\t\t<img loading=\"lazy\" decoding=\"async\" width=\"1020\" height=\"637\" src=\"https:\/\/vinmax-immigration.com\/wp-content\/uploads\/2021\/08\/p3-1281x800.jpg\" class=\"attachment-large size-large\" alt=\"\" srcset=\"https:\/\/vinmax-immigration.com\/wp-content\/uploads\/2021\/08\/p3-1281x800.jpg 1281w, https:\/\/vinmax-immigration.com\/wp-content\/uploads\/2021\/08\/p3-641x400.jpg 641w, https:\/\/vinmax-immigration.com\/wp-content\/uploads\/2021\/08\/p3-768x480.jpg 768w, https:\/\/vinmax-immigration.com\/wp-content\/uploads\/2021\/08\/p3-1536x959.jpg 1536w, https:\/\/vinmax-immigration.com\/wp-content\/uploads\/2021\/08\/p3-18x12.jpg 18w, https:\/\/vinmax-immigration.com\/wp-content\/uploads\/2021\/08\/p3.jpg 1675w\" sizes=\"(max-width: 1020px) 100vw, 1020px\" \/>\t\t\t\t\t\t\n\t\t\t\t\t<\/div>\n\t\t\t\t\t\t\t\t\n<style>\n#image_1626575581 {\n  width: 100%;\n}\n<\/style>\n\t<\/div>\n\t\n\t\t<\/div>\n\t\t\t<\/div>\n\n\t\n\n\t<div id=\"col-546026587\" class=\"col medium-6 small-12 large-6\"  >\n\t\t<div class=\"col-inner\"  >\n\t\t\t\n\t\t\t\n<p><span style=\"font-size: 115%;\"><strong>NG\u01af\u1edcI T\u1ef0 L\u00c0M CH\u1ee6 TRONG L\u0128NH V\u1ef0C V\u0102N H\u00d3A, TH\u1ec2 THAO<\/strong><\/span><\/p>\n<p><em>\u0110\u00e2y l\u00e0 ch\u01b0\u01a1ng tr\u00ecnh \u0111\u1ecbnh c\u01b0 cho nh\u1eefng ng\u01b0\u1eddi c\u00f3 kinh nghi\u1ec7m t\u1ef1 l\u00e0m ch\u1ee7, ho\u1ea1t \u0111\u1ed9ng trong l\u0129nh v\u1ef1c v\u0103n h\u00f3a v\u00e0 th\u1ec3 thao nh\u01b0 gi\u00e1o vi\u00ean \u00e2m nh\u1ea1c, h\u1ecda s\u0129, ng\u01b0\u1eddi minh h\u1ecda, nh\u00e0 l\u00e0m phim, vi\u1ebft t\u00e1c ph\u1ea9m, nh\u00e0 b\u00e1o, phi\u00ean d\u1ecbch, nh\u1ea1c s\u0129, v\u0169 c\u00f4ng, ngh\u1ec7 nh\u00e2n th\u1ee7 c\u00f4ng... Kh\u00f4ng nh\u1eefng v\u1eady, ch\u01b0\u01a1ng tr\u00ecnh n\u00e0y c\u00f2n bao g\u1ed3m c\u1ea3 nh\u1eefng ng\u01b0\u1eddi l\u00e0m vi\u1ec7c \u1edf kh\u00e2u h\u1ed7 tr\u1ee3 nh\u01b0 bi\u00ean \u0111\u1ea1o m\u00faa, thi\u1ebft k\u1ebf d\u00e0n d\u1ef1ng, hu\u1ea5n luy\u1ec7n vi\u00ean. \u1ee8ng vi\u00ean c\u0169ng c\u00f3 th\u1ec3 l\u00e0 v\u1eadn \u0111\u1ed9ng vi\u00ean, ngh\u1ec7 s\u0129 ho\u1ea1t \u0111\u1ed9ng v\u1edbi th\u00e0nh t\u00edch c\u1ea5p qu\u1ed1c t\u1ebf.<\/em><\/p>\n\t\t<\/div>\n\t\t\t<\/div>\n\n\t\n<\/div>\n\t\t<\/div>\n\n\t\t\n<style>\n#section_1343795958 {\n  padding-top: 30px;\n  padding-bottom: 30px;\n}\n<\/style>\n\t<\/section>","protected":false},"excerpt":{"rendered":"","protected":false},"author":1,"featured_media":0,"parent":0,"menu_order":0,"comment_status":"closed","ping_status":"closed","template":"","meta":{"footnotes":""},"_links":{"self":[{"href":"https:\/\/vinmax-immigration.com\/vi\/wp-json\/wp\/v2\/pages\/1054"}],"collection":[{"href":"https:\/\/vinmax-immigration.com\/vi\/wp-json\/wp\/v2\/pages"}],"about":[{"href":"https:\/\/vinmax-immigration.com\/vi\/wp-json\/wp\/v2\/types\/page"}],"author":[{"embeddable":true,"href":"https:\/\/vinmax-immigration.com\/vi\/wp-json\/wp\/v2\/users\/1"}],"replies":[{"embeddable":true,"href":"https:\/\/vinmax-immigration.com\/vi\/wp-json\/wp\/v2\/comments?post=1054"}],"version-history":[{"count":10,"href":"https:\/\/vinmax-immigration.com\/vi\/wp-json\/wp\/v2\/pages\/1054\/revisions"}],"predecessor-version":[{"id":1228,"href":"https:\/\/vinmax-immigration.com\/vi\/wp-json\/wp\/v2\/pages\/1054\/revisions\/1228"}],"wp:attachment":[{"href":"https:\/\/vinmax-immigration.com\/vi\/wp-json\/wp\/v2\/media?parent=1054"}],"curies":[{"name":"wp","href":"https:\/\/api.w.org\/{rel}","templated":true}]}}