{"id":1007,"date":"2021-08-06T01:34:48","date_gmt":"2021-08-06T01:34:48","guid":{"rendered":"http:\/\/vinmax-immigration.com\/?page_id=1007"},"modified":"2024-01-28T19:11:37","modified_gmt":"2024-01-28T19:11:37","slug":"pre-assessment","status":"publish","type":"page","link":"https:\/\/vinmax-immigration.com\/vi\/pre-assessment\/","title":{"rendered":"\u0110\u00e1nh gi\u00e1 ban \u0111\u1ea7u"},"content":{"rendered":"<div class=\"row\"  id=\"row-1857081795\">\n\n\n\t<div id=\"col-963933085\" class=\"col medium-6 small-12 large-6\"  >\n\t\t<div class=\"col-inner\"  >\n\t\t\t\n\t\t\t\n\n\t<div id=\"text-125040490\" class=\"text\">\n\t\t\n\n<span style=\"font-size: 110%;\"><strong>B\u1ea3ng \u0111\u00e1nh gi\u00e1 cho h\u1ed3 s\u01a1 \u0111\u1ecbnh c\u01b0 Canada<\/strong><\/span>\n\t\t\n<style>\n#text-125040490 {\n  text-align: left;\n}\n<\/style>\n\t<\/div>\n\t\n\n\t\t<\/div>\n\t\t\t<\/div>\n\n\t\n\n\t<div id=\"col-675925176\" class=\"col medium-6 small-12 large-6\"  >\n\t\t<div class=\"col-inner\"  >\n\t\t\t\n\t\t\t\n\n<div class=\"row\"  id=\"row-552514495\">\n\n\n\t<div id=\"col-334158324\" class=\"col medium-6 small-12 large-6\"  >\n\t\t<div class=\"col-inner\"  >\n\t\t\t\n\t\t\t\n\n<a rel=\"noopener noreferrer\" href=\"https:\/\/forms.gle\/ATHQRdBbHuRoWQLcA\" target=\"_blank\" class=\"button primary box-shadow-1\"  style=\"border-radius:16px;\">\n    <span>English<\/span>\n  <\/a>\n\n\n\n\t\t<\/div>\n\t\t\t<\/div>\n\n\t\n\n\t<div id=\"col-379010087\" class=\"col medium-6 small-12 large-6\"  >\n\t\t<div class=\"col-inner\"  >\n\t\t\t\n\t\t\t\n\n<a rel=\"noopener noreferrer\" href=\"https:\/\/forms.gle\/gWTgpHhm5afZwBE1A\" target=\"_blank\" class=\"button primary\"  style=\"border-radius:16px;\">\n    <span>TI\u1ebeNG VI\u1ec6T<\/span>\n  <\/a>\n\n\n\n\t\t<\/div>\n\t\t\t<\/div>\n\n\t\n\n<\/div>\n\n\t\t<\/div>\n\t\t\t<\/div>\n\n\t\n\n<\/div>\n<div class=\"row\"  id=\"row-1798059905\">\n\n\n\t<div id=\"col-1144617033\" class=\"col medium-6 small-12 large-6\"  >\n\t\t<div class=\"col-inner\"  >\n\t\t\t\n\t\t\t\n\n<p><span style=\"font-size: 110%;\"><strong>B\u1ea3ng \u0111\u00e1nh gi\u00e1 cho h\u1ed3 s\u01a1 b\u1ea3o l\u00e3nh gia \u0111\u00ecnh<\/strong><\/span><\/p>\n\n\t\t<\/div>\n\t\t\t<\/div>\n\n\t\n\n\t<div id=\"col-934312160\" class=\"col medium-6 small-12 large-6\"  >\n\t\t<div class=\"col-inner\"  >\n\t\t\t\n\t\t\t\n\n<div class=\"row\"  id=\"row-248856651\">\n\n\n\t<div id=\"col-1453390153\" class=\"col medium-6 small-12 large-6\"  >\n\t\t<div class=\"col-inner\"  >\n\t\t\t\n\t\t\t\n\n<a rel=\"noopener noreferrer\" href=\"https:\/\/forms.gle\/cRMpGYrWHCkWEh596\" target=\"_blank\" class=\"button primary\"  style=\"border-radius:16px;\">\n    <span>English<\/span>\n  <\/a>\n\n\n\n\t\t<\/div>\n\t\t\t<\/div>\n\n\t\n\n\t<div id=\"col-1762762219\" class=\"col medium-6 small-12 large-6\"  >\n\t\t<div class=\"col-inner\"  >\n\t\t\t\n\t\t\t\n\n<a rel=\"noopener noreferrer\" href=\"https:\/\/forms.gle\/f7RmKALAcMZuXU6j9\" target=\"_blank\" class=\"button primary\"  style=\"border-radius:16px;\">\n    <span>TI\u1ebeNG VI\u1ec6T<\/span>\n  <\/a>\n\n\n\n\t\t<\/div>\n\t\t\t<\/div>\n\n\t\n\n<\/div>\n\n\t\t<\/div>\n\t\t\t<\/div>\n\n\t\n\n<\/div>\n<div class=\"row\"  id=\"row-230088803\">\n\n\n\t<div id=\"col-460263362\" class=\"col medium-6 small-12 large-6\"  >\n\t\t<div class=\"col-inner\"  >\n\t\t\t\n\t\t\t\n\n<p><span style=\"font-size: 110%;\"><strong>B\u1ea3ng \u0111\u00e1nh gi\u00e1 cho th\u1ecb th\u1ef1c du l\u1ecbch<\/strong><\/span><\/p>\n\n\t\t<\/div>\n\t\t\t<\/div>\n\n\t\n\n\t<div id=\"col-327165509\" class=\"col medium-6 small-12 large-6\"  >\n\t\t<div class=\"col-inner\"  >\n\t\t\t\n\t\t\t\n\n<div class=\"row\"  id=\"row-1224765946\">\n\n\n\t<div id=\"col-760193929\" class=\"col medium-6 small-12 large-6\"  >\n\t\t<div class=\"col-inner\"  >\n\t\t\t\n\t\t\t\n\n<a rel=\"noopener noreferrer\" href=\"https:\/\/forms.gle\/tGkLY3SfqdXPga488\" target=\"_blank\" class=\"button primary\"  style=\"border-radius:16px;\">\n    <span>English<\/span>\n  <\/a>\n\n\n\n\t\t<\/div>\n\t\t\t<\/div>\n\n\t\n\n\t<div id=\"col-1574335864\" class=\"col medium-6 small-12 large-6\"  >\n\t\t<div class=\"col-inner\"  >\n\t\t\t\n\t\t\t\n\n<a rel=\"noopener noreferrer\" href=\"https:\/\/forms.gle\/ojpsUbuzPeobjZxy6\" target=\"_blank\" class=\"button primary\"  style=\"border-radius:16px;\">\n    <span>TI\u1ebeNG VI\u1ec6T<\/span>\n  <\/a>\n\n\n\n\t\t<\/div>\n\t\t\t<\/div>\n\n\t\n\n<\/div>\n\n\t\t<\/div>\n\t\t\t<\/div>\n\n\t\n\n<\/div>\n<div class=\"row\"  id=\"row-1023445866\">\n\n\n\t<div id=\"col-1714688526\" class=\"col medium-6 small-12 large-6\"  >\n\t\t<div class=\"col-inner\"  >\n\t\t\t\n\t\t\t\n\n<p><span style=\"font-size: 110%;\"><strong>B\u1ea3ng \u0111\u00e1nh gi\u00e1 cho th\u1ecb th\u1ef1c du h\u1ecdc Study Permit<\/strong><\/span><\/p>\n\n\t\t<\/div>\n\t\t\t<\/div>\n\n\t\n\n\t<div id=\"col-1949338033\" class=\"col medium-6 small-12 large-6\"  >\n\t\t<div class=\"col-inner\"  >\n\t\t\t\n\t\t\t\n\n<div class=\"row\"  id=\"row-1566936797\">\n\n\n\t<div id=\"col-899379932\" class=\"col medium-6 small-12 large-6\"  >\n\t\t<div class=\"col-inner\"  >\n\t\t\t\n\t\t\t\n\n<a rel=\"noopener noreferrer\" href=\"https:\/\/forms.gle\/g36P8pXATEQTL4NA7\" target=\"_blank\" class=\"button primary\"  style=\"border-radius:16px;\">\n    <span>English<\/span>\n  <\/a>\n\n\n\n\t\t<\/div>\n\t\t\t<\/div>\n\n\t\n\n\t<div id=\"col-531468894\" class=\"col medium-6 small-12 large-6\"  >\n\t\t<div class=\"col-inner\"  >\n\t\t\t\n\t\t\t\n\n<a rel=\"noopener noreferrer\" href=\"https:\/\/forms.gle\/CSxHxqDgPymkrXVeA\" target=\"_blank\" class=\"button primary\"  style=\"border-radius:16px;\">\n    <span>TI\u1ebeNG VI\u1ec6T<\/span>\n  <\/a>\n\n\n\n\t\t<\/div>\n\t\t\t<\/div>\n\n\t\n\n<\/div>\n\n\t\t<\/div>\n\t\t\t<\/div>\n\n\t\n\n<\/div>\n<div class=\"row\"  id=\"row-714602286\">\n\n\n\t<div id=\"col-1705963953\" class=\"col medium-6 small-12 large-6\"  >\n\t\t<div class=\"col-inner\"  >\n\t\t\t\n\t\t\t\n\n<p><span style=\"font-size: 110%;\"><strong>B\u1ea3ng \u0111\u00e1nh gi\u00e1 cho th\u1ecb th\u1ef1c l\u00e0m vi\u1ec7c Work Permit<\/strong><\/span><\/p>\n\n\t\t<\/div>\n\t\t\t<\/div>\n\n\t\n\n\t<div id=\"col-1818601824\" class=\"col medium-6 small-12 large-6\"  >\n\t\t<div class=\"col-inner\"  >\n\t\t\t\n\t\t\t\n\n<div class=\"row\"  id=\"row-1606133920\">\n\n\n\t<div id=\"col-1571377896\" class=\"col medium-6 small-12 large-6\"  >\n\t\t<div class=\"col-inner\"  >\n\t\t\t\n\t\t\t\n\n<a rel=\"noopener noreferrer\" href=\"https:\/\/forms.gle\/vyDtkuHSqGF2CAEk9\" target=\"_blank\" class=\"button primary\"  style=\"border-radius:16px;\">\n    <span>English<\/span>\n  <\/a>\n\n\n\n\t\t<\/div>\n\t\t\t<\/div>\n\n\t\n\n\t<div id=\"col-855816955\" class=\"col medium-6 small-12 large-6\"  >\n\t\t<div class=\"col-inner\"  >\n\t\t\t\n\t\t\t\n\n<a rel=\"noopener noreferrer\" href=\"https:\/\/forms.gle\/UoNRxGz5PVCF4NNZ7\" target=\"_blank\" class=\"button primary\"  style=\"border-radius:16px;\">\n    <span>TI\u1ebeNG VI\u1ec6T<\/span>\n  <\/a>\n\n\n\n\t\t<\/div>\n\t\t\t<\/div>\n\n\t\n\n<\/div>\n\n\t\t<\/div>\n\t\t\t<\/div>\n\n\t\n\n<\/div>\n<div class=\"row\"  id=\"row-456618533\">\n\n\n\t<div id=\"col-1774537181\" class=\"col medium-6 small-12 large-6\"  >\n\t\t<div class=\"col-inner\"  >\n\t\t\t\n\t\t\t\n\n<p><span style=\"font-size: 110%;\"><strong>Pre-Assessment form for LMIA<\/strong><\/span><\/p>\n\n\t\t<\/div>\n\t\t\t<\/div>\n\n\t\n\n\t<div id=\"col-743706471\" class=\"col medium-6 small-12 large-6\"  >\n\t\t<div class=\"col-inner\"  >\n\t\t\t\n\t\t\t\n\n<div class=\"row\"  id=\"row-1208862111\">\n\n\n\t<div id=\"col-1765927934\" class=\"col medium-6 small-12 large-6\"  >\n\t\t<div class=\"col-inner\"  >\n\t\t\t\n\t\t\t\n\n<a rel=\"noopener noreferrer\" href=\"https:\/\/forms.gle\/CLjjRbDhJzUU4Hbi7\" target=\"_blank\" class=\"button primary\"  style=\"border-radius:16px;\">\n    <span>English<\/span>\n  <\/a>\n\n\n\n\t\t<\/div>\n\t\t\t<\/div>\n\n\t\n\n\t<div id=\"col-785796368\" class=\"col medium-6 small-12 large-6\"  >\n\t\t<div class=\"col-inner\"  >\n\t\t\t\n\t\t\t\n\n<a rel=\"noopener noreferrer\" href=\"https:\/\/forms.gle\/83mHEuT5uYwLyHEPA\" target=\"_blank\" class=\"button primary\"  style=\"border-radius:16px;\">\n    <span>TI\u1ebeNG VI\u1ec6T<\/span>\n  <\/a>\n\n\n\n\t\t<\/div>\n\t\t\t<\/div>\n\n\t\n\n<\/div>\n\n\t\t<\/div>\n\t\t\t<\/div>\n\n\t\n\n<\/div>","protected":false},"excerpt":{"rendered":"","protected":false},"author":1,"featured_media":0,"parent":0,"menu_order":0,"comment_status":"closed","ping_status":"closed","template":"","meta":{"footnotes":""},"_links":{"self":[{"href":"https:\/\/vinmax-immigration.com\/vi\/wp-json\/wp\/v2\/pages\/1007"}],"collection":[{"href":"https:\/\/vinmax-immigration.com\/vi\/wp-json\/wp\/v2\/pages"}],"about":[{"href":"https:\/\/vinmax-immigration.com\/vi\/wp-json\/wp\/v2\/types\/page"}],"author":[{"embeddable":true,"href":"https:\/\/vinmax-immigration.com\/vi\/wp-json\/wp\/v2\/users\/1"}],"replies":[{"embeddable":true,"href":"https:\/\/vinmax-immigration.com\/vi\/wp-json\/wp\/v2\/comments?post=1007"}],"version-history":[{"count":41,"href":"https:\/\/vinmax-immigration.com\/vi\/wp-json\/wp\/v2\/pages\/1007\/revisions"}],"predecessor-version":[{"id":1330,"href":"https:\/\/vinmax-immigration.com\/vi\/wp-json\/wp\/v2\/pages\/1007\/revisions\/1330"}],"wp:attachment":[{"href":"https:\/\/vinmax-immigration.com\/vi\/wp-json\/wp\/v2\/media?parent=1007"}],"curies":[{"name":"wp","href":"https:\/\/api.w.org\/{rel}","templated":true}]}}